{"id":13749,"date":"2019-09-17T14:56:34","date_gmt":"2019-09-17T14:56:34","guid":{"rendered":"https:\/\/terradirovo.com\/termini-condizioni\/"},"modified":"2019-09-30T13:59:47","modified_gmt":"2019-09-30T13:59:47","slug":"termini-condizioni","status":"publish","type":"page","link":"https:\/\/terradirovo.com\/it\/termini-condizioni\/","title":{"rendered":"Termini &amp; Condizioni"},"content":{"rendered":"<p>[vc_row][vc_column][vc_column_text]<b><\/b>Retreat srls (\u201cTerra Di Rovo\u201d, o \u201cla societ\u00e0\u201d) per mezzo di corrieri espresso (Mail Box e Logistics), effettua la consegna dei prodotti ordinati dal Cliente all\u2019indirizzo indicato dal Cliente stesso sull\u2019ordine di acquisto.<\/p>\n<p>Per spedizioni personalizzate o per qualunque altra richiesta contattaci all&#8217;indirizzo: giulia@terradirovo.com<\/p>\n<p>Terra Di Rovo garantisce che verranno consegnati prodotti eguali a quelli indicati e descritti nel sito ed il rispetto di tutte le norme in merito alla conservazione dei prodotti fino al momento della consegna nel luogo indicato nell\u2019ordine. Le immagini presenti sul sito sono fornite al Cliente per agevolare il riconoscimento dei prodotti; a causa di variazioni nella confezione, le foto potrebbero non rispecchiare esattamente l\u2019aspetto del prodotto consegnato.<\/p>\n<p>. Le spedizioni vengono effettuate nelle principali nazioni europee, extra-Europee e nell&#8217;America del Nord (Stati Uniti e Canada). Non effettuiamo spedidizoni nelle seguenti localit\u00e0: Madeira, CORSICA, MISSISSIPI, UTAH, VERMONT, SOUTH DAKOTA PRINCE EDWARD ISLAND.<\/p>\n<p>Per le seguenti localit\u00e0 invece \u00e8 necessaria una quotazione specifica prima della spedizione: ISOLE GRECHE ISOLE BALEARI CANARIE VIRGIN ISLAND ALABAMA ONLY TO ABC STORES, YUKON, NORTHWEST TERRITORIES, NUNAVUT, NEWFOUNDLAND, TERRANOVA AND LABRADOR, NEW BRUNSWEEK, NOVA SCOTIA, SASKATCHEWAN.<\/p>\n<p>&nbsp;<\/p>\n<h4>DIRITTO DI RECESSO<\/h4>\n<p>Come previsto dal Codice del Consumo D.LGS 206\/2005 (ex diritto di recesso) e D.L. 21\/2014 i Clienti di Terra Di Rovo godono della garanzia soddisfatti o rimborsati con la possibilit\u00e0 di restituire i prodotti acquistati entro 14 giorni lavorativi dal ricevimento, tranne il caso in cui si tratti di prodotti che per la loro natura non possano essere rispediti quali articoli alimentari facilmente deperibili o articoli personalizzati. Il diritto di recesso \u00e8 facolt\u00e0 delle persone fisiche che agiscono per scopi non direttamente riferibili all\u2019attivit\u00e0 professionale eventualmente svolta. Pertanto, rivenditori e aziende sono esclusi da tale diritto.<\/p>\n<p>&nbsp;<\/p>\n<h4>MODALIT\u00c0 PER CHIEDERE IL RIMBORSO<\/h4>\n<p>\u00c8 necessario inviare una lettera registrata con ricevuta di ritorno all&#8217;indirizzo sottostante o una e-mail <strong>giulia@terradirovo.com<\/strong> entro <strong>14 giorni lavorativi <\/strong>dal ricevimento delle merci.<\/p>\n<p>Il cliente deve indicare il prodotto o i prodotti per il quale intende chiedere il rimborso.<br \/>\n&#8211; Per esercitare il diritto di recesso \u00e8 necessario restituire i prodotti acquistati, in buono stato di conservazione e con etichette originali non rimosse.<br \/>\n&#8211; L\u2019imballo dei prodotti deve essere accurato, al fine di salvaguardare gli involucri originali da danneggiamenti, apposizioni di scritte o etichette.<br \/>\n&#8211; I prodotti devono essere restituiti a mezzo corriere espresso a proprie spese.<br \/>\n&#8211; Si consiglia di utilizzare un metodo di spedizione tracciabile ed assicurato in quanto non sar\u00e0 responsabilit\u00e0 di Terra Di Rovo lo smarrimento, la mancata ricezione o il danneggiamento del materiale inviato.<br \/>\n&#8211; La merce verr\u00e0 rimborsata da parte di Terra Di Rovo dopo aver verificato il contenuto e lo stato dei prodotti, entro 14 giorni dal ricevimento della comunicazione da parte del cliente.<\/p>\n<p>Terra Di Rovo provveder\u00e0 al rimborso completo delle spese sostenute dal cliente all&#8217;acquisto, esclusi i costi di spedizione.<strong><br \/>\n<\/strong>Per qualsiasi comunicazione in merito a reclami il cliente pu\u00f2 utilizzare l&#8217;indirizzo e-mail: giulia@terradirovo.com<\/p>\n<p>&nbsp;<\/p>\n<h4>DISPONIBILITA&#8217;<\/h4>\n<p>Terra Di Rovo accetta di mostrare solo i prodotti che sono effettivamente disponibili sul sito. Nel caso in cui i prodotti non siano attualmente in magazzino o se la consegna tempestiva non pu\u00f2 essere garantita, Terra Di Rovo indicher\u00e0 la non disponibilit\u00e0 del prodotto in modo appropriato.<br \/>\nTerra Di Rovo si impegna, inoltre, per legge, a informare tempestivamente il Cliente dell&#8217;improvvisa indisponibilit\u00e0 del prodotto ordinato e a concordare se l&#8217;ordine debba essere continuato o modificato per includere prodotti simili.<br \/>\nSe siete ancora interessati a un prodotto che non \u00e8 attualmente disponibile, si prega di inviare una e-mail, in modo che Terra Di Rovo pu\u00f2 dare informazioni pi\u00f9 precise.<\/p>\n<h4><\/h4>\n<h4>PREZZI<\/h4>\n<p>I prezzi dei prodotti elencati nelle varie sezioni di questo sito <strong>includono l&#8217;IVA.<\/strong><br \/>\nI prezzi praticati per ogni vendita sono quelli elencati sul sito al momento dell&#8217;ordine dal cliente e sono soggetti a modifiche.<br \/>\nIl prezzo dei prodotti acquistati, insieme al costo di consegna, deve essere pagato dal cliente al momento dell&#8217;ordine online, con carta di credito o bonifico bancario. I documenti fiscali saranno rilasciati da Terra Di Rovo via e-mail.<\/p>\n<h4><\/h4>\n<h4>FATTURAZIONE<\/h4>\n<p>Per una fattura fiscale, il codice IVA o il numero di partita IVA \u00e8 necessario al momento dell&#8217;ordine e deve essere indicato in modo specifico nelle note d&#8217;ordine.<br \/>\nLa fattura verr\u00e0 emessa per la spedizione della merce e inviata con essa.<br \/>\nAl momento dell&#8217;ordine, si prega di includere un numero di telefono in modo che possiamo contattarvi se necessario.[\/vc_column_text][vc_empty_space height=&#8221;60px&#8221;][\/vc_column][\/vc_row]<\/p>\n","protected":false},"excerpt":{"rendered":"<p>[vc_row][vc_column][vc_column_text]Retreat srls (\u201cTerra Di Rovo\u201d, o \u201cla societ\u00e0\u201d) per mezzo di corrieri espresso (Mail Box e Logistics), effettua la consegna dei prodotti ordinati dal Cliente all\u2019indirizzo indicato dal Cliente stesso sull\u2019ordine di acquisto. Per spedizioni personalizzate o per qualunque altra richiesta contattaci all&#8217;indirizzo: giulia@terradirovo.com Terra [&hellip;]<\/p>\n","protected":false},"author":1,"featured_media":0,"parent":0,"menu_order":0,"comment_status":"closed","ping_status":"closed","template":"","meta":[],"yoast_head":"<!-- This site is optimized with the Yoast SEO plugin v18.3 - https:\/\/yoast.com\/wordpress\/plugins\/seo\/ -->\n<title>Terra Di Rovo | Termini e Condizioni<\/title>\n<meta name=\"robots\" content=\"index, follow, max-snippet:-1, max-image-preview:large, max-video-preview:-1\" \/>\n<link rel=\"canonical\" href=\"https:\/\/terradirovo.com\/it\/termini-condizioni\/\" \/>\n<meta property=\"og:locale\" content=\"it_IT\" \/>\n<meta property=\"og:type\" content=\"article\" \/>\n<meta property=\"og:title\" content=\"Terra Di Rovo | Termini e Condizioni\" \/>\n<meta property=\"og:description\" content=\"[vc_row][vc_column][vc_column_text]Retreat srls (\u201cTerra Di Rovo\u201d, o \u201cla societ\u00e0\u201d) per mezzo di corrieri espresso (Mail Box e Logistics), effettua la consegna dei prodotti ordinati dal Cliente all\u2019indirizzo indicato dal Cliente stesso sull\u2019ordine di acquisto. Per spedizioni personalizzate o per qualunque altra richiesta contattaci all&#8217;indirizzo: giulia@terradirovo.com Terra [&hellip;]\" \/>\n<meta property=\"og:url\" content=\"https:\/\/terradirovo.com\/it\/termini-condizioni\/\" \/>\n<meta property=\"og:site_name\" content=\"Terra Di Rovo\" \/>\n<meta property=\"article:modified_time\" content=\"2019-09-30T13:59:47+00:00\" \/>\n<meta name=\"twitter:card\" content=\"summary_large_image\" \/>\n<meta name=\"twitter:label1\" content=\"Tempo di lettura stimato\" \/>\n\t<meta name=\"twitter:data1\" content=\"4 minuti\" \/>\n<script type=\"application\/ld+json\" class=\"yoast-schema-graph\">{\"@context\":\"https:\/\/schema.org\",\"@graph\":[{\"@type\":\"Organization\",\"@id\":\"https:\/\/terradirovo.com\/#organization\",\"name\":\"Terra Di Rovo\",\"url\":\"https:\/\/terradirovo.com\/\",\"sameAs\":[],\"logo\":{\"@type\":\"ImageObject\",\"@id\":\"https:\/\/terradirovo.com\/#logo\",\"inLanguage\":\"it-IT\",\"url\":\"https:\/\/terradirovo.com\/wp-content\/uploads\/2019\/06\/Terra-Di-Fuocox260px.png\",\"contentUrl\":\"https:\/\/terradirovo.com\/wp-content\/uploads\/2019\/06\/Terra-Di-Fuocox260px.png\",\"width\":260,\"height\":138,\"caption\":\"Terra Di Rovo\"},\"image\":{\"@id\":\"https:\/\/terradirovo.com\/#logo\"}},{\"@type\":\"WebSite\",\"@id\":\"https:\/\/terradirovo.com\/#website\",\"url\":\"https:\/\/terradirovo.com\/\",\"name\":\"Terra Di Rovo\",\"description\":\"Original Italian Wine &amp; Oil\",\"publisher\":{\"@id\":\"https:\/\/terradirovo.com\/#organization\"},\"potentialAction\":[{\"@type\":\"SearchAction\",\"target\":{\"@type\":\"EntryPoint\",\"urlTemplate\":\"https:\/\/terradirovo.com\/?s={search_term_string}\"},\"query-input\":\"required name=search_term_string\"}],\"inLanguage\":\"it-IT\"},{\"@type\":\"WebPage\",\"@id\":\"https:\/\/terradirovo.com\/it\/termini-condizioni\/#webpage\",\"url\":\"https:\/\/terradirovo.com\/it\/termini-condizioni\/\",\"name\":\"Terra Di Rovo | Termini e Condizioni\",\"isPartOf\":{\"@id\":\"https:\/\/terradirovo.com\/#website\"},\"datePublished\":\"2019-09-17T14:56:34+00:00\",\"dateModified\":\"2019-09-30T13:59:47+00:00\",\"breadcrumb\":{\"@id\":\"https:\/\/terradirovo.com\/it\/termini-condizioni\/#breadcrumb\"},\"inLanguage\":\"it-IT\",\"potentialAction\":[{\"@type\":\"ReadAction\",\"target\":[\"https:\/\/terradirovo.com\/it\/termini-condizioni\/\"]}]},{\"@type\":\"BreadcrumbList\",\"@id\":\"https:\/\/terradirovo.com\/it\/termini-condizioni\/#breadcrumb\",\"itemListElement\":[{\"@type\":\"ListItem\",\"position\":1,\"name\":\"Home\",\"item\":\"https:\/\/terradirovo.com\/it\/\"},{\"@type\":\"ListItem\",\"position\":2,\"name\":\"Termini &amp; Condizioni\"}]}]}<\/script>\n<!-- \/ Yoast SEO plugin. -->","yoast_head_json":{"title":"Terra Di Rovo | Termini e Condizioni","robots":{"index":"index","follow":"follow","max-snippet":"max-snippet:-1","max-image-preview":"max-image-preview:large","max-video-preview":"max-video-preview:-1"},"canonical":"https:\/\/terradirovo.com\/it\/termini-condizioni\/","og_locale":"it_IT","og_type":"article","og_title":"Terra Di Rovo | Termini e Condizioni","og_description":"[vc_row][vc_column][vc_column_text]Retreat srls (\u201cTerra Di Rovo\u201d, o \u201cla societ\u00e0\u201d) per mezzo di corrieri espresso (Mail Box e Logistics), effettua la consegna dei prodotti ordinati dal Cliente all\u2019indirizzo indicato dal Cliente stesso sull\u2019ordine di acquisto. Per spedizioni personalizzate o per qualunque altra richiesta contattaci all&#8217;indirizzo: giulia@terradirovo.com Terra [&hellip;]","og_url":"https:\/\/terradirovo.com\/it\/termini-condizioni\/","og_site_name":"Terra Di Rovo","article_modified_time":"2019-09-30T13:59:47+00:00","twitter_card":"summary_large_image","twitter_misc":{"Tempo di lettura stimato":"4 minuti"},"schema":{"@context":"https:\/\/schema.org","@graph":[{"@type":"Organization","@id":"https:\/\/terradirovo.com\/#organization","name":"Terra Di Rovo","url":"https:\/\/terradirovo.com\/","sameAs":[],"logo":{"@type":"ImageObject","@id":"https:\/\/terradirovo.com\/#logo","inLanguage":"it-IT","url":"https:\/\/terradirovo.com\/wp-content\/uploads\/2019\/06\/Terra-Di-Fuocox260px.png","contentUrl":"https:\/\/terradirovo.com\/wp-content\/uploads\/2019\/06\/Terra-Di-Fuocox260px.png","width":260,"height":138,"caption":"Terra Di Rovo"},"image":{"@id":"https:\/\/terradirovo.com\/#logo"}},{"@type":"WebSite","@id":"https:\/\/terradirovo.com\/#website","url":"https:\/\/terradirovo.com\/","name":"Terra Di Rovo","description":"Original Italian Wine &amp; Oil","publisher":{"@id":"https:\/\/terradirovo.com\/#organization"},"potentialAction":[{"@type":"SearchAction","target":{"@type":"EntryPoint","urlTemplate":"https:\/\/terradirovo.com\/?s={search_term_string}"},"query-input":"required name=search_term_string"}],"inLanguage":"it-IT"},{"@type":"WebPage","@id":"https:\/\/terradirovo.com\/it\/termini-condizioni\/#webpage","url":"https:\/\/terradirovo.com\/it\/termini-condizioni\/","name":"Terra Di Rovo | Termini e Condizioni","isPartOf":{"@id":"https:\/\/terradirovo.com\/#website"},"datePublished":"2019-09-17T14:56:34+00:00","dateModified":"2019-09-30T13:59:47+00:00","breadcrumb":{"@id":"https:\/\/terradirovo.com\/it\/termini-condizioni\/#breadcrumb"},"inLanguage":"it-IT","potentialAction":[{"@type":"ReadAction","target":["https:\/\/terradirovo.com\/it\/termini-condizioni\/"]}]},{"@type":"BreadcrumbList","@id":"https:\/\/terradirovo.com\/it\/termini-condizioni\/#breadcrumb","itemListElement":[{"@type":"ListItem","position":1,"name":"Home","item":"https:\/\/terradirovo.com\/it\/"},{"@type":"ListItem","position":2,"name":"Termini &amp; Condizioni"}]}]}},"_links":{"self":[{"href":"https:\/\/terradirovo.com\/it\/wp-json\/wp\/v2\/pages\/13749"}],"collection":[{"href":"https:\/\/terradirovo.com\/it\/wp-json\/wp\/v2\/pages"}],"about":[{"href":"https:\/\/terradirovo.com\/it\/wp-json\/wp\/v2\/types\/page"}],"author":[{"embeddable":true,"href":"https:\/\/terradirovo.com\/it\/wp-json\/wp\/v2\/users\/1"}],"replies":[{"embeddable":true,"href":"https:\/\/terradirovo.com\/it\/wp-json\/wp\/v2\/comments?post=13749"}],"version-history":[{"count":5,"href":"https:\/\/terradirovo.com\/it\/wp-json\/wp\/v2\/pages\/13749\/revisions"}],"predecessor-version":[{"id":14392,"href":"https:\/\/terradirovo.com\/it\/wp-json\/wp\/v2\/pages\/13749\/revisions\/14392"}],"wp:attachment":[{"href":"https:\/\/terradirovo.com\/it\/wp-json\/wp\/v2\/media?parent=13749"}],"curies":[{"name":"wp","href":"https:\/\/api.w.org\/{rel}","templated":true}]}}