{"id":13739,"date":"2019-09-17T13:42:32","date_gmt":"2019-09-17T13:42:32","guid":{"rendered":"https:\/\/terradirovo.com\/informativa-sulla-privacy\/"},"modified":"2019-09-30T13:50:31","modified_gmt":"2019-09-30T13:50:31","slug":"informativa-sulla-privacy","status":"publish","type":"page","link":"https:\/\/terradirovo.com\/it\/informativa-sulla-privacy\/","title":{"rendered":"Informativa sulla privacy"},"content":{"rendered":"<p>[vc_row][vc_column][vc_column_text]Informativa sulla privacy<\/p>\n<p>Data di entrata in vigore: July 17, 2019<\/p>\n<p>Retreat S.r.l.s (&#8220;noi&#8221; o &#8220;nostro&#8221;) gestisce il https:\/\/terradirovo.com sito web (in appresso il &#8220;Servizio&#8221;).<\/p>\n<p>Questa pagina ti informa delle nostre norme relative alla raccolta, all&#8217;utilizzo e alla divulgazione dei dati personali quando utilizzi il nostro Servizio e le scelte che hai associato a tali dati.<\/p>\n<p>Utilizziamo i vostri dati per fornire e migliorare il Servizio. Utilizzando il Servizio, accettate la raccolta e l&#8217;utilizzo delle informazioni in conformit\u00e0 con questa informativa. Se non diversamente definito nella presente Informativa sulla privacy, i termini utilizzati nella presente Informativa hanno la stessa valenza dei nostri Termini e condizioni, accessibili da https:\/\/terradirovo.com<\/p>\n<h2>Definitions<\/h2>\n<h4>Servizio<\/h4>\n<p>Il servizio \u00e8 il https:\/\/terradirovo.com sito web gestito da Retreat S.r.l.s<\/p>\n<h4>Dati personali<\/h4>\n<p>Se non diversamente definito nella presente Informativa sulla privacy, i termini utilizzati nella presente Informativa hanno la stessa valenza dei nostri Termini e condizioni, accessibili da https:\/\/terradirovo.com<\/p>\n<h4>Dati di utilizzo<\/h4>\n<p>I dati di utilizzo sono i dati raccolti automaticamente generati dall&#8217;utilizzo del Servizio o dall&#8217;infrastruttura del Servizio stesso (ad esempio, la durata della visita di una pagina).<\/p>\n<h4>Cookies<\/h4>\n<p>Cookies are small files stored on your device (computer or mobile device).<\/p>\n<h4>Controller dati<\/h4>\n<p>Data Controller significa la persona fisica o giuridica che (da sola o congiuntamente o in comune con altre persone) determina gli scopi per cui e il modo in cui le informazioni personali sono, o devono essere trattate, .<\/p>\n<p>Ai fini della presente Informativa sulla privacy, siamo un Data Controller dei vostri Dati Personali.<\/p>\n<h4>Processori di dati (o fornitori di servizi)<\/h4>\n<p>Data Processor (o Service Provider) significa qualsiasi persona fisica o legale che elabora i dati per conto del Data Controller.<\/p>\n<p>Potremmo utilizzare i servizi di vari fornitori di servizi per elaborare i tuoi dati in modo pi\u00f9 efficace.<\/p>\n<h4>Oggetto dati (o utente)<\/h4>\n<p>Il soggetto dei dati \u00e8 qualsiasi persona vivente che utilizza il nostro Servizio ed \u00e8 oggetto di Dati Personali.<\/p>\n<h2>Raccolta e utilizzo delle informazioni<\/h2>\n<p>Raccogliamo diversi tipi di informazioni per vari scopi per fornirti e migliorare il nostro Servizio.<\/p>\n<h3>Tipi di dati raccolti<\/h3>\n<h4>Dati personali<\/h4>\n<p>Durante l&#8217;utilizzo del nostro Servizio, potremmo chiederti di fornirci alcune informazioni personali che possono essere utilizzate per contattare o identificare l&#8217;utente (&#8220;Dati personali&#8221;). Le informazioni personali possono includere, ma non si limitano a:<\/p>\n<ul>\n<li>indirizzo email<\/li>\n<li>Nome e cognome<\/li>\n<li>Numero di telefono<\/li>\n<li>Indirizzo, Stato, Provincia, CAP, Citt\u00e0<\/li>\n<li>Cookie e dati di utilizzo<\/li>\n<\/ul>\n<p>Potremmo utilizzare i tuoi Dati Personali per contattarti con newsletter, materiale di marketing o promozionale e altre informazioni che potrebbero interessarti. Puoi rifiutare esplicitamente di ricevere una o tutte queste comunicazioni da parte tua seguendo il link di annullamento dell&#8217;iscrizione o le istruzioni fornite in qualsiasi e-mail che inviamo.<\/p>\n<h4>Dati di utilizzo<\/h4>\n<p>Possiamo anche raccogliere informazioni su come si accede e utilizza il Servizio (&#8220;Dati di utilizzo&#8221;). Questi dati di utilizzo possono includere informazioni quali l&#8217;indirizzo del protocollo Internet del computer (ad esempio l&#8217;indirizzo IP), il tipo di browser, la versione del browser, le pagine del nostro Servizio che visiti, l&#8217;ora e la data della tua visita, il tempo trascorso su tali pagine, il dispositivo unico identificatori e altri dati diagnostici.<\/p>\n<h4>Dati sulla posizione<\/h4>\n<p>Potremmo utilizzare e memorizzare informazioni sulla tua posizione se ci dai il permesso di farlo (&#8220;Dati sulla posizione&#8221;). Utilizziamo questi dati per fornire funzionalit\u00e0 del nostro Servizio, per migliorare e personalizzare il nostro Servizio.<\/p>\n<p>Potete attivare o disattivare i servizi di localizzazione quando utilizzate il nostro Servizio in qualsiasi momento mediante le impostazioni del dispositivo.<\/p>\n<h4>Tracciamento; dati dei cookie<\/h4>\n<p>Utilizziamo cookie e tecnologie di tracciamento simili per tracciare l&#8217;attivit\u00e0 sul nostro Servizio e conservare determinate informazioni.<\/p>\n<p>I cookie sono file con una piccola quantit\u00e0 di dati che possono includere un identificatore univoco anonimo I cookie vengono inviati al vostro browser da un sito web e memorizzati sul vostro dispositivo Altre tecnologie di tracciamento utilizzate sono anche beacon, tag e script per raccogliere e tenere traccia delle informazioni e per migliorare e analizzare il nostro Servizio.<\/p>\n<p>Potete chiedere al vostro browser di rifiutare tutti i cookie o di indicare quando viene inviato un cookie Tuttavia, se non si accettano i cookie, potrebbe non essere possibile utilizzare alcune parti del nostro Servizio.<\/p>\n<p>Esempi di cookie che utilizziamo:<\/p>\n<ul>\n<li>\u2022 Cookie di sessione. Utilizziamo i cookie di sessione per gestire il nostro servizio.<\/li>\n<li>\u2022 Cookie di preferenza. Utilizziamo i cookie di preferenza per ricordare le vostre preferenze e varie impostazioni.<\/li>\n<li>\u2022 Cookie di sicurezza. Utilizziamo i cookie di sicurezza per motivi di sicurezza.<\/li>\n<\/ul>\n<h2>Uso dei dati<\/h2>\n<p>Retreat S.r.l.s utilizza i dati raccolti per vari scopi:<\/p>\n<ul>\n<li>\u2022 Per fornire e mantenere il nostro Servizio<\/li>\n<li>\u2022 Per comunicare agli utenti variazioni apportate al servizio che offriamo<\/li>\n<li>\u2022 Per permettere agli utenti di fruire, a propria discrezione, di funzioni interattive del nostro servizio<\/li>\n<li>\u2022 Per fornire un servizio ai clienti<\/li>\n<li>\u2022 Per raccogliere analisi o informazioni preziose in modo da poter migliorare il nostro Servizio<\/li>\n<li>\u2022 Per monitorare l&#8217;utilizzo del nostro Servizio<\/li>\n<li>\u2022 Per rilevare, prevenire e affrontare problemi tecnici<\/li>\n<li>\u2022 Per fornire notizie, offerte speciali e informazioni generali su altri beni, servizi ed eventi che offriamo e che sono simili a quelli che avete gi\u00e0 acquistato o di cui avete chiesto informazioni, a meno che non abbiate scelto di non ricevere tali informazioni<\/li>\n<\/ul>\n<h2>Base legale per l&#8217;elaborazione dei dati personali in base al regolamento generale sulla protezione dei dati (GDPR)<\/h2>\n<p>Se appartenete allo Spazio Economico Europeo (SEE), la base legale di Retreat S.r.l.s per la raccolta e l&#8217;utilizzo delle informazioni personali descritte nella presente Informativa sulla Privacy dipende dai Dati Personali che raccogliamo e dallo specifico contesto in cui vengono raccolti.<\/p>\n<p>Retreat S.r.l.s pu\u00f2 trattare i vostri dati personali perch\u00e9:<\/p>\n<ul>\n<li>\u2022 Dobbiamo eseguire un contratto con voi<\/li>\n<li>\u2022 Ci avete dato il permesso di farlo<\/li>\n<li>\u2022 Il trattamento rientra nei nostri legittimi interessi e non \u00e8 contrario ai vostri diritti<\/li>\n<li>\u2022 Ci\u00f2 \u00e8 richiesto ai fini della elaborazione dei pagamenti<\/li>\n<li>\u2022 Ci\u00f2 \u00e8 necessario per essere conformi alla legge<\/li>\n<\/ul>\n<h2>Conservazione dei dati<\/h2>\n<p>Retreat S.r.l.s conserver\u00e0 i vostri dati personali solo per il tempo necessario ai fini indicati nella presente Informativa sulla privacy. Conserveremo e utilizzeremo i vostri Dati personali nella misura necessaria per adempiere ai nostri obblighi legali (ad esempio, se ci viene richiesto di conservare i vostri dati per conformarci alle leggi applicabili), risolvere le controversie e applicare i nostri accordi e le nostre politiche legali.<\/p>\n<p>Retreat S.r.l.s conserver\u00e0 anche i Dati di utilizzo a fini di analisi interna. I Dati di utilizzo vengono generalmente conservati per un periodo di tempo pi\u00f9 breve, tranne quando questi dati vengono utilizzati per rafforzare la sicurezza o per migliorare la funzionalit\u00e0 del nostro servizio, o se siamo legalmente obbligati a conservare questi dati per periodi di tempo pi\u00f9 lunghi.<\/p>\n<h2>Trasferimento dei dati<\/h2>\n<p>Le vostre informazioni, compresi i Dati personali, possono essere trasferite a &#8211; e mantenute su &#8211; computer situati al di fuori del vostro stato, provincia, nazione o altra giurisdizione governativa dove le leggi sulla protezione dei dati possono essere diverse da quelle della vostra giurisdizione.<\/p>\n<p>Se ci si trova al di fuori di Italy e si sceglie di fornire informazioni a noi, si ricorda che trasferiamo i dati, compresi i dati personali, in Italy e li elaboriamo l\u00ec.<\/p>\n<p>Il vostro consenso alla presente Informativa sulla privacy seguito dall&#8217;invio di tali informazioni rappresenta il vostro consenso al trasferimento.<\/p>\n<p>Retreat S.r.l.s adotter\u00e0 tutte le misure ragionevolmente necessarie per garantire che i vostri dati siano trattati in modo sicuro e in conformit\u00e0 con la presente Informativa sulla privacy e nessun trasferimento dei vostri Dati Personali sar\u00e0 effettuato a un&#8217;organizzazione o a un paese a meno che non vi siano controlli adeguati dei vostri dati e altre informazioni personali.<\/p>\n<h2>Divulgazione di dati<\/h2>\n<h3>Divulgazione per l&#8217;applicazione della legge<\/h3>\n<p>In determinate circostanze, a Retreat S.r.l.s potrebbe essere richiesto di divulgare i dati personali dell&#8217;utente se richiesto dalla legge o in risposta a richieste valide da parte delle autorit\u00e0 pubbliche (ad esempio un tribunale o un&#8217;agenzia governativa).<\/p>\n<h3>Prescrizioni di legge<\/h3>\n<p>Retreat S.r.l.s pu\u00f2 divulgare i vostri Dati personali in buona fede, ritenendo che tale azione sia necessaria per:<\/p>\n<ul>\n<li>\u2022 Rispettare un obbligo legale<\/li>\n<li>\u2022 Proteggere e difendere i diritti o la propriet\u00e0 di Retreat S.r.l.s<\/li>\n<li>\u2022 Prevenire o investigare possibili illeciti in relazione al Servizio<\/li>\n<li>\u2022 Proteggere la sicurezza personale degli utenti del Servizio o del pubblico<\/li>\n<li>\u2022 Proteggere la sicurezza personale degli utenti del Servizio o del pubblico<\/li>\n<\/ul>\n<h2>Sicurezza dei dati<\/h2>\n<p>La sicurezza dei vostri dati \u00e8 importante per noi, ma ricordate che nessun metodo di trasmissione su Internet o metodo di archiviazione elettronica \u00e8 sicuro al 100%. Pertanto, anche se adotteremo ogni mezzo commercialmente accettabile per proteggere i vostri Dati personali, non possiamo garantirne la sicurezza assoluta.<\/p>\n<h2>Segnali &#8220;Do Not Track&#8221;<\/h2>\n<p>Non sosteniamo Do Not Track (&#8220;DNT&#8221;). Do Not Track \u00e8 una preferenza che potete impostare nel browser web per informare i siti web che non si desidera essere rintracciati.<\/p>\n<p>Potete abilitare o disabilitare la non tracciabilit\u00e0 visitando la pagina Preferenze o Impostazioni del vostro browser web.<\/p>\n<h2>I vostri diritti sulla protezione dei dati ai sensi del regolamento generale sulla protezione dei dati (GDPR)<\/h2>\n<p>Se risiedete nello Spazio economico europeo (SEE), avete determinati diritti di protezione dei dati. Retreat S.r.l.s intende adottare misure ragionevoli per consentire all&#8217;utente di correggere, modificare, eliminare o limitare l&#8217;utilizzo dei propri Dati personali.<\/p>\n<p>Se desiderate essere informati sui Dati personali che deteniamo su di voi e se volete che vengano rimossi dai nostri sistemi, vi preghiamo di contattarci.<\/p>\n<p>In determinate circostanze, avete i seguenti diritti di protezione dei dati:<\/p>\n<p><strong>Il diritto di accedere, aggiornare o cancellare le informazioni che abbiamo su di voi. <\/strong>Se reso possibile, potete accedere, aggiornare o richiedere la cancellazione dei vostri Dati personali direttamente dalla sezione delle impostazioni dell&#8217;account. Se non siete in grado di eseguire personalmente queste azioni, contattaci per assistervi.<\/p>\n<p><strong>Diritto di rettifica. <\/strong>Avete il diritto di rettificare le vostre informazioni se tali informazioni sono inesatte o incomplete.<\/p>\n<p><strong>Diritto di opposizione. <\/strong>Avete il diritto di obiettare al nostro trattamento dei vostri Dati personali.<\/p>\n<p><strong>Diritto di restrizione. <\/strong>Avete il diritto di richiedere di limitare il trattamento dei vostri dati personali.<\/p>\n<p><strong>Diritto alla portabilit\u00e0 dei dati. <\/strong>Avete il diritto di ricevere una copia delle informazioni che abbiamo su di voi in un formato strutturato, leggibile automaticamente e comunemente usato.<\/p>\n<p><strong>Diritto di recedere dal consenso. <\/strong>Avete anche il diritto di ritirare il vostro consenso in qualsiasi momento in cui Retreat S.r.l.s si \u00e8 basata sul vostro consenso al trattamento dei vostri dati personali.<\/p>\n<p>Vi preghiamo di notare che potremmo chiedervi di verificare la vostra identit\u00e0 prima di rispondere a tali richieste.<\/p>\n<p>Avete il diritto di sporgere denuncia presso un&#8217;Autorit\u00e0 per la protezione dei dati in merito alla nostra raccolta e utilizzo dei vostri dati personali. Per ulteriori informazioni, contattare l&#8217;autorit\u00e0 locale per la protezione dei dati nello Spazio economico europeo (SEE).<\/p>\n<h2>Fornitori di servizi<\/h2>\n<p>Potremmo impiegare societ\u00e0 e individui di terze parti per facilitare il nostro Servizio (&#8220;Fornitori di servizi&#8221;), per fornire il Servizio per nostro conto, per eseguire servizi relativi ai Servizi o per aiutarci ad analizzare come viene utilizzato il nostro Servizio.<\/p>\n<p>Le terze parti hanno accesso ai vostri Dati personali solo per eseguire queste attivit\u00e0 per nostro conto e sono obbligate a non rivelarle o utilizzarle per altri scopi.<\/p>\n<h3>Statistiche<\/h3>\n<p>Potremmo utilizzare i Fornitori di servizi di terze parti per monitorare e analizzare l&#8217;utilizzo del nostro servizio.<\/p>\n<h4>Google Analytics<\/h4>\n<p>Google Analytics \u00e8 un servizio di analisi web offerto da Google che tiene traccia e segnala il traffico del sito web. Google utilizza i dati raccolti per tracciare e monitorare l&#8217;utilizzo del nostro Servizio. Questi dati sono condivisi con altri servizi di Google. Google pu\u00f2 utilizzare i dati raccolti per contestualizzare e personalizzare le inserzioni della propria rete pubblicitaria.<\/p>\n<p>Potete decidere di non rendere disponibile la vostra attivit\u00e0 sul Servizio a Google Analytics installando il componente aggiuntivo del browser per la disattivazione di Google Analytics. Il componente aggiuntivo impedisce a JavaScript di Google Analytics (ga.js, analytics.js e dc.js) di condividere informazioni con Google Analytics sull&#8217;attivit\u00e0 delle visite.<\/p>\n<p>Per ulteriori informazioni sulle prassi relative alla privacy di Google, vi preghiamo di visitare la pagina web con i Termini della privacy di Google: https:\/\/policies.google.com\/privacy?hl=en<\/p>\n<h3>Pagamenti<\/h3>\n<p>Possiamo fornire prodotti a pagamento e\/o servizi all&#8217;interno del servizio. In tal caso, utilizziamo Servizi di terze parti per l&#8217;elaborazione del pagamento (ad esempio, gestori dei pagamenti).<\/p>\n<p>Non memorizziamo n\u00e9 raccogliamo i dati della vostra carta di pagamento. Tali informazioni vengono fornite direttamente ai nostri gestori terzi dei pagamenti, il cui utilizzo delle informazioni personali \u00e8 regolato dalla loro politica sulla Privacy. Tali gestori dei pagamenti aderiscono agli standard fissati dal PCI-DSS, gestito dal PCI Security Standards Council, uno sforzo congiunto di marchi come Visa, MasterCard, American Express e Discover. I requisiti PCI-DSS contribuiscono a garantire la gestione sicura delle informazioni di pagamento.<\/p>\n<p>I gestori dei pagamenti che con cui lavoriamo sono:<\/p>\n<h4>Stripe<\/h4>\n<p>Stripe La loro privacy \u00e8 disponibile all&#8217;indirizzo https:\/\/stripe.com\/us\/privacy<\/p>\n<h2>Link ad altri siti<\/h2>\n<p>Il nostro servizio pu\u00f2 contenere collegamenti ad altri siti non gestiti da noi. Cliccando su un link di terze parti, sarete indirizzati al sito di quella terza parte. Ti consigliamo vivamente di rivedere l&#8217;Informativa sulla privacy di ogni sito che visiti.<\/p>\n<p>Non abbiamo alcun controllo e non ci assumiamo alcuna responsabilit\u00e0 per il contenuto, le politiche sulla privacy o le pratiche di qualsiasi sito o servizio di terzi.<\/p>\n<h2>Privacy dei minori<\/h2>\n<p>Il nostro servizio non si rivolge a minori di 18 anni (&#8220;Bambini&#8221;).<\/p>\n<p>Non raccogliamo consapevolmente informazioni personali relative a utenti di et\u00e0 inferiore a 18 anni. Se siete un genitore o tutore e siete consapevoli che vostro figlio ci ha fornito Dati personali, vi preghiamo di contattarci. Se veniamo a conoscenza del fatto che abbiamo raccolto Dati personali da minori senza la verifica del consenso dei genitori, adotteremo provvedimenti per rimuovere tali informazioni dai nostri server.<\/p>\n<h2>Modifiche alla presente informativa sulla privacy<\/h2>\n<p>Potremmo aggiornare periodicamente la nostra Informativa sulla privacy. Ti informeremo di eventuali modifiche pubblicando la nuova Informativa sulla privacy in questa pagina.<\/p>\n<p>Vi informeremo via e-mail e \/ o un avviso di rilievo sul nostro Servizio, prima che la modifica diventi effettiva e aggiorneremo la &#8220;data di validit\u00e0&#8221; nella parte superiore di questa Informativa sulla privacy.<\/p>\n<p>Si consiglia di rivedere periodicamente la presente Informativa sulla privacy per eventuali modifiche. Le modifiche a tale informativa sulla privacy entrano in vigore nel momento in cui vengono pubblicate su questa pagina.<\/p>\n<h2>Contattaci<\/h2>\n<p>In caso di domande sulla presente Informativa sulla privacy, si prega di contattarci:<\/p>\n<ul>\n<li>Visitando questa pagina sul nostro sito web: https:\/\/terradirovo.com\/contact-us\/<\/li>\n<\/ul>\n<p>[\/vc_column_text][vc_empty_space height=&#8221;60px&#8221;][\/vc_column][\/vc_row]<\/p>\n","protected":false},"excerpt":{"rendered":"<p>[vc_row][vc_column][vc_column_text]Informativa sulla privacy Data di entrata in vigore: July 17, 2019 Retreat S.r.l.s (&#8220;noi&#8221; o &#8220;nostro&#8221;) gestisce il https:\/\/terradirovo.com sito web (in appresso il &#8220;Servizio&#8221;). Questa pagina ti informa delle nostre norme relative alla raccolta, all&#8217;utilizzo e alla divulgazione dei dati personali quando utilizzi il [&hellip;]<\/p>\n","protected":false},"author":1,"featured_media":0,"parent":0,"menu_order":0,"comment_status":"closed","ping_status":"closed","template":"","meta":[],"yoast_head":"<!-- This site is optimized with the Yoast SEO plugin v18.3 - https:\/\/yoast.com\/wordpress\/plugins\/seo\/ -->\n<title>Terra Di Rovo - Informativa sulla Privacy<\/title>\n<meta name=\"robots\" content=\"index, follow, max-snippet:-1, max-image-preview:large, max-video-preview:-1\" \/>\n<link rel=\"canonical\" href=\"https:\/\/terradirovo.com\/it\/informativa-sulla-privacy\/\" \/>\n<meta property=\"og:locale\" content=\"it_IT\" \/>\n<meta property=\"og:type\" content=\"article\" \/>\n<meta property=\"og:title\" content=\"Terra Di Rovo - Informativa sulla Privacy\" \/>\n<meta property=\"og:description\" content=\"[vc_row][vc_column][vc_column_text]Informativa sulla privacy Data di entrata in vigore: July 17, 2019 Retreat S.r.l.s (&#8220;noi&#8221; o &#8220;nostro&#8221;) gestisce il https:\/\/terradirovo.com sito web (in appresso il &#8220;Servizio&#8221;). Questa pagina ti informa delle nostre norme relative alla raccolta, all&#8217;utilizzo e alla divulgazione dei dati personali quando utilizzi il [&hellip;]\" \/>\n<meta property=\"og:url\" content=\"https:\/\/terradirovo.com\/it\/informativa-sulla-privacy\/\" \/>\n<meta property=\"og:site_name\" content=\"Terra Di Rovo\" \/>\n<meta property=\"article:modified_time\" content=\"2019-09-30T13:50:31+00:00\" \/>\n<meta name=\"twitter:card\" content=\"summary_large_image\" \/>\n<meta name=\"twitter:label1\" content=\"Tempo di lettura stimato\" \/>\n\t<meta name=\"twitter:data1\" content=\"12 minuti\" \/>\n<script type=\"application\/ld+json\" class=\"yoast-schema-graph\">{\"@context\":\"https:\/\/schema.org\",\"@graph\":[{\"@type\":\"Organization\",\"@id\":\"https:\/\/terradirovo.com\/#organization\",\"name\":\"Terra Di Rovo\",\"url\":\"https:\/\/terradirovo.com\/\",\"sameAs\":[],\"logo\":{\"@type\":\"ImageObject\",\"@id\":\"https:\/\/terradirovo.com\/#logo\",\"inLanguage\":\"it-IT\",\"url\":\"https:\/\/terradirovo.com\/wp-content\/uploads\/2019\/06\/Terra-Di-Fuocox260px.png\",\"contentUrl\":\"https:\/\/terradirovo.com\/wp-content\/uploads\/2019\/06\/Terra-Di-Fuocox260px.png\",\"width\":260,\"height\":138,\"caption\":\"Terra Di Rovo\"},\"image\":{\"@id\":\"https:\/\/terradirovo.com\/#logo\"}},{\"@type\":\"WebSite\",\"@id\":\"https:\/\/terradirovo.com\/#website\",\"url\":\"https:\/\/terradirovo.com\/\",\"name\":\"Terra Di Rovo\",\"description\":\"Original Italian Wine &amp; Oil\",\"publisher\":{\"@id\":\"https:\/\/terradirovo.com\/#organization\"},\"potentialAction\":[{\"@type\":\"SearchAction\",\"target\":{\"@type\":\"EntryPoint\",\"urlTemplate\":\"https:\/\/terradirovo.com\/?s={search_term_string}\"},\"query-input\":\"required name=search_term_string\"}],\"inLanguage\":\"it-IT\"},{\"@type\":\"WebPage\",\"@id\":\"https:\/\/terradirovo.com\/it\/informativa-sulla-privacy\/#webpage\",\"url\":\"https:\/\/terradirovo.com\/it\/informativa-sulla-privacy\/\",\"name\":\"Terra Di Rovo - Informativa sulla Privacy\",\"isPartOf\":{\"@id\":\"https:\/\/terradirovo.com\/#website\"},\"datePublished\":\"2019-09-17T13:42:32+00:00\",\"dateModified\":\"2019-09-30T13:50:31+00:00\",\"breadcrumb\":{\"@id\":\"https:\/\/terradirovo.com\/it\/informativa-sulla-privacy\/#breadcrumb\"},\"inLanguage\":\"it-IT\",\"potentialAction\":[{\"@type\":\"ReadAction\",\"target\":[\"https:\/\/terradirovo.com\/it\/informativa-sulla-privacy\/\"]}]},{\"@type\":\"BreadcrumbList\",\"@id\":\"https:\/\/terradirovo.com\/it\/informativa-sulla-privacy\/#breadcrumb\",\"itemListElement\":[{\"@type\":\"ListItem\",\"position\":1,\"name\":\"Home\",\"item\":\"https:\/\/terradirovo.com\/it\/\"},{\"@type\":\"ListItem\",\"position\":2,\"name\":\"Informativa sulla privacy\"}]}]}<\/script>\n<!-- \/ Yoast SEO plugin. -->","yoast_head_json":{"title":"Terra Di Rovo - Informativa sulla Privacy","robots":{"index":"index","follow":"follow","max-snippet":"max-snippet:-1","max-image-preview":"max-image-preview:large","max-video-preview":"max-video-preview:-1"},"canonical":"https:\/\/terradirovo.com\/it\/informativa-sulla-privacy\/","og_locale":"it_IT","og_type":"article","og_title":"Terra Di Rovo - Informativa sulla Privacy","og_description":"[vc_row][vc_column][vc_column_text]Informativa sulla privacy Data di entrata in vigore: July 17, 2019 Retreat S.r.l.s (&#8220;noi&#8221; o &#8220;nostro&#8221;) gestisce il https:\/\/terradirovo.com sito web (in appresso il &#8220;Servizio&#8221;). Questa pagina ti informa delle nostre norme relative alla raccolta, all&#8217;utilizzo e alla divulgazione dei dati personali quando utilizzi il [&hellip;]","og_url":"https:\/\/terradirovo.com\/it\/informativa-sulla-privacy\/","og_site_name":"Terra Di Rovo","article_modified_time":"2019-09-30T13:50:31+00:00","twitter_card":"summary_large_image","twitter_misc":{"Tempo di lettura stimato":"12 minuti"},"schema":{"@context":"https:\/\/schema.org","@graph":[{"@type":"Organization","@id":"https:\/\/terradirovo.com\/#organization","name":"Terra Di Rovo","url":"https:\/\/terradirovo.com\/","sameAs":[],"logo":{"@type":"ImageObject","@id":"https:\/\/terradirovo.com\/#logo","inLanguage":"it-IT","url":"https:\/\/terradirovo.com\/wp-content\/uploads\/2019\/06\/Terra-Di-Fuocox260px.png","contentUrl":"https:\/\/terradirovo.com\/wp-content\/uploads\/2019\/06\/Terra-Di-Fuocox260px.png","width":260,"height":138,"caption":"Terra Di Rovo"},"image":{"@id":"https:\/\/terradirovo.com\/#logo"}},{"@type":"WebSite","@id":"https:\/\/terradirovo.com\/#website","url":"https:\/\/terradirovo.com\/","name":"Terra Di Rovo","description":"Original Italian Wine &amp; Oil","publisher":{"@id":"https:\/\/terradirovo.com\/#organization"},"potentialAction":[{"@type":"SearchAction","target":{"@type":"EntryPoint","urlTemplate":"https:\/\/terradirovo.com\/?s={search_term_string}"},"query-input":"required name=search_term_string"}],"inLanguage":"it-IT"},{"@type":"WebPage","@id":"https:\/\/terradirovo.com\/it\/informativa-sulla-privacy\/#webpage","url":"https:\/\/terradirovo.com\/it\/informativa-sulla-privacy\/","name":"Terra Di Rovo - Informativa sulla Privacy","isPartOf":{"@id":"https:\/\/terradirovo.com\/#website"},"datePublished":"2019-09-17T13:42:32+00:00","dateModified":"2019-09-30T13:50:31+00:00","breadcrumb":{"@id":"https:\/\/terradirovo.com\/it\/informativa-sulla-privacy\/#breadcrumb"},"inLanguage":"it-IT","potentialAction":[{"@type":"ReadAction","target":["https:\/\/terradirovo.com\/it\/informativa-sulla-privacy\/"]}]},{"@type":"BreadcrumbList","@id":"https:\/\/terradirovo.com\/it\/informativa-sulla-privacy\/#breadcrumb","itemListElement":[{"@type":"ListItem","position":1,"name":"Home","item":"https:\/\/terradirovo.com\/it\/"},{"@type":"ListItem","position":2,"name":"Informativa sulla privacy"}]}]}},"_links":{"self":[{"href":"https:\/\/terradirovo.com\/it\/wp-json\/wp\/v2\/pages\/13739"}],"collection":[{"href":"https:\/\/terradirovo.com\/it\/wp-json\/wp\/v2\/pages"}],"about":[{"href":"https:\/\/terradirovo.com\/it\/wp-json\/wp\/v2\/types\/page"}],"author":[{"embeddable":true,"href":"https:\/\/terradirovo.com\/it\/wp-json\/wp\/v2\/users\/1"}],"replies":[{"embeddable":true,"href":"https:\/\/terradirovo.com\/it\/wp-json\/wp\/v2\/comments?post=13739"}],"version-history":[{"count":4,"href":"https:\/\/terradirovo.com\/it\/wp-json\/wp\/v2\/pages\/13739\/revisions"}],"predecessor-version":[{"id":14391,"href":"https:\/\/terradirovo.com\/it\/wp-json\/wp\/v2\/pages\/13739\/revisions\/14391"}],"wp:attachment":[{"href":"https:\/\/terradirovo.com\/it\/wp-json\/wp\/v2\/media?parent=13739"}],"curies":[{"name":"wp","href":"https:\/\/api.w.org\/{rel}","templated":true}]}}