{"id":13732,"date":"2019-09-17T11:03:58","date_gmt":"2019-09-17T11:03:58","guid":{"rendered":"https:\/\/terradirovo.com\/contattaci\/"},"modified":"2020-04-24T12:46:36","modified_gmt":"2020-04-24T12:46:36","slug":"contattaci","status":"publish","type":"page","link":"https:\/\/terradirovo.com\/it\/contattaci\/","title":{"rendered":"contattaci"},"content":{"rendered":"<p>[vc_row][vc_column parallax=&#8221;content-moving-fade&#8221; parallax_image=&#8221;11626&#8243;][vc_empty_space height=&#8221;30px&#8221;][vc_row_inner css=&#8221;.vc_custom_1568129623480{margin-right: 15px !important;margin-left: 15px !important;}&#8221;][vc_column_inner width=&#8221;1\/2&#8243; offset=&#8221;vc_col-lg-offset-1 vc_col-lg-5 vc_col-md-6 vc_col-xs-12&#8243;][vc_column_text]<\/p>\n<h3>Modulo di contatto<\/h3>\n<p style=\"text-align: justify;\">Siete pi\u00f9 che invitati a contattarci telefonicamente dal luned\u00ec al venerd\u00ec tra le 9:00 e le 17:00 \/\/ Telefono (+39) 3701520003 oppure compilate il modulo e inviateci la vostra richiesta. Risponderemo il prima possibile.<\/p>\n<p>[\/vc_column_text][vc_empty_space height=&#8221;15px&#8221;][vc_column_text]<\/p>\n<p style=\"text-align: left;\">Email: <a href=\"mailto:giulia@terradirovo.com\">giulia@terradirovo.com<\/a><br \/>\nPhone: +39 3701520003<br \/>\nAddress: Frazione Terraia 47\/A, 06049, Spoleto (PG), Italy<\/p>\n<p>[\/vc_column_text][\/vc_column_inner][vc_column_inner width=&#8221;1\/2&#8243; offset=&#8221;vc_col-lg-offset-0 vc_col-lg-5 vc_col-md-6 vc_col-xs-12&#8243;][vc_empty_space height=&#8221;27px&#8221;]\n<div class=\"wpcf7 no-js\" id=\"wpcf7-f7391-o1\" lang=\"en-US\" dir=\"ltr\">\n<div class=\"screen-reader-response\"><p role=\"status\" aria-live=\"polite\" aria-atomic=\"true\"><\/p> <ul><\/ul><\/div>\n<form action=\"\/it\/wp-json\/wp\/v2\/pages\/13732#wpcf7-f7391-o1\" method=\"post\" class=\"wpcf7-form init\" aria-label=\"Contact form\" novalidate=\"novalidate\" data-status=\"init\">\n<div style=\"display: none;\">\n<input type=\"hidden\" name=\"_wpcf7\" value=\"7391\" \/>\n<input type=\"hidden\" name=\"_wpcf7_version\" value=\"5.7.6\" \/>\n<input type=\"hidden\" name=\"_wpcf7_locale\" value=\"en_US\" \/>\n<input type=\"hidden\" name=\"_wpcf7_unit_tag\" value=\"wpcf7-f7391-o1\" \/>\n<input type=\"hidden\" name=\"_wpcf7_container_post\" value=\"0\" \/>\n<input type=\"hidden\" name=\"_wpcf7_posted_data_hash\" value=\"\" \/>\n<\/div>\n<div>\n\t<p><span class=\"wpcf7-form-control-wrap\" data-name=\"your-name\"><input size=\"40\" class=\"wpcf7-form-control wpcf7-text wpcf7-validates-as-required\" aria-required=\"true\" aria-invalid=\"false\" placeholder=\"Your Name*\" value=\"\" type=\"text\" name=\"your-name\" \/><\/span>\n\t<\/p>\n<\/div>\n<div>\n\t<p><span class=\"wpcf7-form-control-wrap\" data-name=\"email\"><input size=\"40\" class=\"wpcf7-form-control wpcf7-text wpcf7-email wpcf7-validates-as-required wpcf7-validates-as-email\" aria-required=\"true\" aria-invalid=\"false\" placeholder=\"Your Email*\" value=\"\" type=\"email\" name=\"email\" \/><\/span>\n\t<\/p>\n<\/div>\n<div>\n\t<p><span class=\"wpcf7-form-control-wrap\" data-name=\"your-message\"><textarea cols=\"40\" rows=\"8\" class=\"wpcf7-form-control wpcf7-textarea\" aria-invalid=\"false\" placeholder=\"Your Message\" name=\"your-message\"><\/textarea><\/span>\n\t<\/p>\n<\/div>\n<p><span class=\"wpcf7-form-control-wrap\" data-name=\"capital-quiz\"><label><span class=\"wpcf7-quiz-label\">E&#039; piu&#039; grande 2 o 8?<\/span> <input size=\"40\" class=\"wpcf7-form-control wpcf7-quiz\" autocomplete=\"off\" aria-required=\"true\" aria-invalid=\"false\" type=\"text\" name=\"capital-quiz\" \/><\/label><input type=\"hidden\" name=\"_wpcf7_quiz_answer_capital-quiz\" value=\"75af96e664c0a22ab533a24d409c993a\" \/><\/span>\n<\/p>\n<div>\n\t<p><input class=\"wpcf7-form-control has-spinner wpcf7-submit\" type=\"submit\" value=\"CONTACT US\" \/>\n\t<\/p>\n<\/div><div class=\"wpcf7-response-output\" aria-hidden=\"true\"><\/div>\n<\/form>\n<\/div>\n[\/vc_column_inner][\/vc_row_inner][vc_empty_space height=&#8221;60px&#8221;][\/vc_column][\/vc_row]<\/p>\n","protected":false},"excerpt":{"rendered":"<p>[vc_row][vc_column parallax=&#8221;content-moving-fade&#8221; parallax_image=&#8221;11626&#8243;][vc_empty_space height=&#8221;30px&#8221;][vc_row_inner css=&#8221;.vc_custom_1568129623480{margin-right: 15px !important;margin-left: 15px !important;}&#8221;][vc_column_inner width=&#8221;1\/2&#8243; offset=&#8221;vc_col-lg-offset-1 vc_col-lg-5 vc_col-md-6 vc_col-xs-12&#8243;][vc_column_text] Modulo di contatto Siete pi\u00f9 che invitati a contattarci telefonicamente dal luned\u00ec al venerd\u00ec tra le 9:00 e le 17:00 \/\/ Telefono (+39) 3701520003 oppure compilate il modulo e inviateci la [&hellip;]<\/p>\n","protected":false},"author":1,"featured_media":0,"parent":0,"menu_order":0,"comment_status":"closed","ping_status":"closed","template":"full-width.php","meta":[],"yoast_head":"<!-- This site is optimized with the Yoast SEO plugin v18.3 - https:\/\/yoast.com\/wordpress\/plugins\/seo\/ -->\n<title>Terra Di Rovo | Contattaci<\/title>\n<meta name=\"robots\" content=\"index, follow, max-snippet:-1, max-image-preview:large, max-video-preview:-1\" \/>\n<link rel=\"canonical\" href=\"https:\/\/terradirovo.com\/it\/contattaci\/\" \/>\n<meta property=\"og:locale\" content=\"it_IT\" \/>\n<meta property=\"og:type\" content=\"article\" \/>\n<meta property=\"og:title\" content=\"Terra Di Rovo | Contattaci\" \/>\n<meta property=\"og:description\" content=\"[vc_row][vc_column parallax=&#8221;content-moving-fade&#8221; parallax_image=&#8221;11626&#8243;][vc_empty_space height=&#8221;30px&#8221;][vc_row_inner css=&#8221;.vc_custom_1568129623480{margin-right: 15px !important;margin-left: 15px !important;}&#8221;][vc_column_inner width=&#8221;1\/2&#8243; offset=&#8221;vc_col-lg-offset-1 vc_col-lg-5 vc_col-md-6 vc_col-xs-12&#8243;][vc_column_text] Modulo di contatto Siete pi\u00f9 che invitati a contattarci telefonicamente dal luned\u00ec al venerd\u00ec tra le 9:00 e le 17:00 \/\/ Telefono (+39) 3701520003 oppure compilate il modulo e inviateci la [&hellip;]\" \/>\n<meta property=\"og:url\" content=\"https:\/\/terradirovo.com\/it\/contattaci\/\" \/>\n<meta property=\"og:site_name\" content=\"Terra Di Rovo\" \/>\n<meta property=\"article:modified_time\" content=\"2020-04-24T12:46:36+00:00\" \/>\n<meta name=\"twitter:card\" content=\"summary_large_image\" \/>\n<meta name=\"twitter:label1\" content=\"Tempo di lettura stimato\" \/>\n\t<meta name=\"twitter:data1\" content=\"1 minuto\" \/>\n<script type=\"application\/ld+json\" class=\"yoast-schema-graph\">{\"@context\":\"https:\/\/schema.org\",\"@graph\":[{\"@type\":\"Organization\",\"@id\":\"https:\/\/terradirovo.com\/#organization\",\"name\":\"Terra Di Rovo\",\"url\":\"https:\/\/terradirovo.com\/\",\"sameAs\":[],\"logo\":{\"@type\":\"ImageObject\",\"@id\":\"https:\/\/terradirovo.com\/#logo\",\"inLanguage\":\"it-IT\",\"url\":\"https:\/\/terradirovo.com\/wp-content\/uploads\/2019\/06\/Terra-Di-Fuocox260px.png\",\"contentUrl\":\"https:\/\/terradirovo.com\/wp-content\/uploads\/2019\/06\/Terra-Di-Fuocox260px.png\",\"width\":260,\"height\":138,\"caption\":\"Terra Di Rovo\"},\"image\":{\"@id\":\"https:\/\/terradirovo.com\/#logo\"}},{\"@type\":\"WebSite\",\"@id\":\"https:\/\/terradirovo.com\/#website\",\"url\":\"https:\/\/terradirovo.com\/\",\"name\":\"Terra Di Rovo\",\"description\":\"Original Italian Wine &amp; Oil\",\"publisher\":{\"@id\":\"https:\/\/terradirovo.com\/#organization\"},\"potentialAction\":[{\"@type\":\"SearchAction\",\"target\":{\"@type\":\"EntryPoint\",\"urlTemplate\":\"https:\/\/terradirovo.com\/?s={search_term_string}\"},\"query-input\":\"required name=search_term_string\"}],\"inLanguage\":\"it-IT\"},{\"@type\":\"WebPage\",\"@id\":\"https:\/\/terradirovo.com\/it\/contattaci\/#webpage\",\"url\":\"https:\/\/terradirovo.com\/it\/contattaci\/\",\"name\":\"Terra Di Rovo | Contattaci\",\"isPartOf\":{\"@id\":\"https:\/\/terradirovo.com\/#website\"},\"datePublished\":\"2019-09-17T11:03:58+00:00\",\"dateModified\":\"2020-04-24T12:46:36+00:00\",\"breadcrumb\":{\"@id\":\"https:\/\/terradirovo.com\/it\/contattaci\/#breadcrumb\"},\"inLanguage\":\"it-IT\",\"potentialAction\":[{\"@type\":\"ReadAction\",\"target\":[\"https:\/\/terradirovo.com\/it\/contattaci\/\"]}]},{\"@type\":\"BreadcrumbList\",\"@id\":\"https:\/\/terradirovo.com\/it\/contattaci\/#breadcrumb\",\"itemListElement\":[{\"@type\":\"ListItem\",\"position\":1,\"name\":\"Home\",\"item\":\"https:\/\/terradirovo.com\/it\/\"},{\"@type\":\"ListItem\",\"position\":2,\"name\":\"contattaci\"}]}]}<\/script>\n<!-- \/ Yoast SEO plugin. -->","yoast_head_json":{"title":"Terra Di Rovo | Contattaci","robots":{"index":"index","follow":"follow","max-snippet":"max-snippet:-1","max-image-preview":"max-image-preview:large","max-video-preview":"max-video-preview:-1"},"canonical":"https:\/\/terradirovo.com\/it\/contattaci\/","og_locale":"it_IT","og_type":"article","og_title":"Terra Di Rovo | Contattaci","og_description":"[vc_row][vc_column parallax=&#8221;content-moving-fade&#8221; parallax_image=&#8221;11626&#8243;][vc_empty_space height=&#8221;30px&#8221;][vc_row_inner css=&#8221;.vc_custom_1568129623480{margin-right: 15px !important;margin-left: 15px !important;}&#8221;][vc_column_inner width=&#8221;1\/2&#8243; offset=&#8221;vc_col-lg-offset-1 vc_col-lg-5 vc_col-md-6 vc_col-xs-12&#8243;][vc_column_text] Modulo di contatto Siete pi\u00f9 che invitati a contattarci telefonicamente dal luned\u00ec al venerd\u00ec tra le 9:00 e le 17:00 \/\/ Telefono (+39) 3701520003 oppure compilate il modulo e inviateci la [&hellip;]","og_url":"https:\/\/terradirovo.com\/it\/contattaci\/","og_site_name":"Terra Di Rovo","article_modified_time":"2020-04-24T12:46:36+00:00","twitter_card":"summary_large_image","twitter_misc":{"Tempo di lettura stimato":"1 minuto"},"schema":{"@context":"https:\/\/schema.org","@graph":[{"@type":"Organization","@id":"https:\/\/terradirovo.com\/#organization","name":"Terra Di Rovo","url":"https:\/\/terradirovo.com\/","sameAs":[],"logo":{"@type":"ImageObject","@id":"https:\/\/terradirovo.com\/#logo","inLanguage":"it-IT","url":"https:\/\/terradirovo.com\/wp-content\/uploads\/2019\/06\/Terra-Di-Fuocox260px.png","contentUrl":"https:\/\/terradirovo.com\/wp-content\/uploads\/2019\/06\/Terra-Di-Fuocox260px.png","width":260,"height":138,"caption":"Terra Di Rovo"},"image":{"@id":"https:\/\/terradirovo.com\/#logo"}},{"@type":"WebSite","@id":"https:\/\/terradirovo.com\/#website","url":"https:\/\/terradirovo.com\/","name":"Terra Di Rovo","description":"Original Italian Wine &amp; Oil","publisher":{"@id":"https:\/\/terradirovo.com\/#organization"},"potentialAction":[{"@type":"SearchAction","target":{"@type":"EntryPoint","urlTemplate":"https:\/\/terradirovo.com\/?s={search_term_string}"},"query-input":"required name=search_term_string"}],"inLanguage":"it-IT"},{"@type":"WebPage","@id":"https:\/\/terradirovo.com\/it\/contattaci\/#webpage","url":"https:\/\/terradirovo.com\/it\/contattaci\/","name":"Terra Di Rovo | Contattaci","isPartOf":{"@id":"https:\/\/terradirovo.com\/#website"},"datePublished":"2019-09-17T11:03:58+00:00","dateModified":"2020-04-24T12:46:36+00:00","breadcrumb":{"@id":"https:\/\/terradirovo.com\/it\/contattaci\/#breadcrumb"},"inLanguage":"it-IT","potentialAction":[{"@type":"ReadAction","target":["https:\/\/terradirovo.com\/it\/contattaci\/"]}]},{"@type":"BreadcrumbList","@id":"https:\/\/terradirovo.com\/it\/contattaci\/#breadcrumb","itemListElement":[{"@type":"ListItem","position":1,"name":"Home","item":"https:\/\/terradirovo.com\/it\/"},{"@type":"ListItem","position":2,"name":"contattaci"}]}]}},"_links":{"self":[{"href":"https:\/\/terradirovo.com\/it\/wp-json\/wp\/v2\/pages\/13732"}],"collection":[{"href":"https:\/\/terradirovo.com\/it\/wp-json\/wp\/v2\/pages"}],"about":[{"href":"https:\/\/terradirovo.com\/it\/wp-json\/wp\/v2\/types\/page"}],"author":[{"embeddable":true,"href":"https:\/\/terradirovo.com\/it\/wp-json\/wp\/v2\/users\/1"}],"replies":[{"embeddable":true,"href":"https:\/\/terradirovo.com\/it\/wp-json\/wp\/v2\/comments?post=13732"}],"version-history":[{"count":8,"href":"https:\/\/terradirovo.com\/it\/wp-json\/wp\/v2\/pages\/13732\/revisions"}],"predecessor-version":[{"id":20228,"href":"https:\/\/terradirovo.com\/it\/wp-json\/wp\/v2\/pages\/13732\/revisions\/20228"}],"wp:attachment":[{"href":"https:\/\/terradirovo.com\/it\/wp-json\/wp\/v2\/media?parent=13732"}],"curies":[{"name":"wp","href":"https:\/\/api.w.org\/{rel}","templated":true}]}}