{"id":13702,"date":"2019-09-17T10:15:43","date_gmt":"2019-09-17T10:15:43","guid":{"rendered":"https:\/\/terradirovo.com\/vigneto\/"},"modified":"2020-05-05T14:21:31","modified_gmt":"2020-05-05T14:21:31","slug":"vigneto","status":"publish","type":"page","link":"https:\/\/terradirovo.com\/it\/vigneto\/","title":{"rendered":"Vigneto"},"content":{"rendered":"<p>[vc_row row_content_width=&#8221;grid&#8221;][vc_column][vc_row_inner row_content_width=&#8221;grid&#8221; content_text_aligment=&#8221;center&#8221;][vc_column_inner css=&#8221;.vc_custom_1561454186049{padding-right: 15px !important;padding-left: 15px !important;}&#8221;][vc_column_text]<\/p>\n<p style=\"text-align: justify;\">Costituito da due vitigni molto diversi tra loro &#8211; Cabernet Sauvignon, rosso, e Trebbiano Spoletino, bianco, &#8211; il vigneto naturale in Umbria di Terra di Rovo \u00e8 custodito in una vallata di natura intatta a 350 mt sopra il livello del mare. Il vigneto naturale ha un\u2019estensione di 1,2 ettari ed \u00e8 esposto a sud-est, potendo cos\u00ec godere di un\u2019ottima esposizione al sole in ogni periodo dell\u2019anno.<\/p>\n<p style=\"text-align: justify;\">A Terra di Rovo potiamo le viti con cura e riguardo, annualmente, a Guyot. Le viti affondano le loro radici in un terreno prevalentemente argilloso, che conferisce al Cabernet Sauvignon un aroma speziato di frutti neri, con spiccate note di menta e fieno. Caratterizzato da una particolare pigmentazione violacea molto intensa, il nostro Cabernet Sauvignon regala sensazioni olfattive complesse, grande morbidezza e longevit\u00e0. Il Trebbiano Spoletino invece \u00e8 un&#8217;antica vite autoctona della valle spoletana, affascinante per il suo intenso colore ambrato e per la sua anima iridescente che sorprende chi lo assaggia.<\/p>\n<p style=\"text-align: justify;\">Tutte le fasi di potatura, legatura e raccolta vengono effettuate a mano e sono poche e fidate persone del posto ad occuparsene. Le cure sono ridotte al minimo, lasciando che sia la flora circostante a proteggere la vigna e a mantenere l\u2019ecosistema il pi\u00f9 bilanciato possibile, per un vigneto naturale al 100%. In vigna, cos\u00ec come in cantina, lavoriamo seguendo i cicli delle fasi lunari, al fine di massimizzare i principi di assoluta naturalit\u00e0.<\/p>\n<p style=\"text-align: justify;\">La raccolta delle uve fatta nei primi giorni di ottobre \u00e8 una vera e propria festa, durante la quale ci riuniamo, provvediamo alla raccolta a mano e con cura scegliamo i grappoli migliori. La vendemmia avviene in poche ore: dopo averle depositate in cassette, portiamo le uve in cantina e le lavoriamo all\u2019istante secondo i metodi tradizionali.<\/p>\n<p style=\"text-align: justify;\">Mettiamo il vino in botte e lo lasciamo riposare per qualche settimana, affinch\u00e9 avvenga la naturale decantazione statica dei mosti, per poi procedere con la cosiddetta \u201csfecciatura\u201d. Abbiamo scelto di non lasciare invecchiare il vino in botti di legno per un motivo preciso: non modificare in alcun modo il sapore e l\u2019aroma originale che questo territorio selvaggio e autentico conferisce alle sue uve. Eseguiamo l\u2019imbottigliamento durante i giorni di luna calante per fare in modo che i depositi del vino non vengano in superfice: ci\u00f2 garantisce una migliore qualit\u00e0 e una minore quantit\u00e0 di depositi in bottiglia.<\/p>\n<p style=\"text-align: justify;\">\u00c8 il rispetto della biodiversit\u00e0, delle peculiarit\u00e0 naturali di Terra di Rovo e la specificit\u00e0 del nostro vigneto biologico in Umbria che ci hanno permesso, e ci permettono, di produrre un vino d\u2019eccellenza.<\/p>\n<p style=\"text-align: justify;\">[\/vc_column_text][vc_column_text]\n\t<div class=\"wp-video-popup-wrapper\">\n\t\t<div class=\"wp-video-popup-close\"><\/div>\n\t\t<iframe class=\"wp-video-popup-video is-hosted is-landscape is-resizable\" src=\"\" data-wp-video-popup-url=\"https:\/\/player.vimeo.com\/video\/361798365?byline=0&#038;portrait=0&#038;autoplay=1\" frameborder=\"0\" webkitallowfullscreen mozallowfullscreen allowfullscreen allow=\"autoplay\">\n\t\t<\/iframe>\n\t<\/div>\n\t[\/vc_column_text][vc_empty_space height=&#8221;60px&#8221;][\/vc_column_inner][\/vc_row_inner][\/vc_column][\/vc_row][vc_row css=&#8221;.vc_custom_1564994461119{background-color: rgba(175,175,154,0.11) !important;*background-color: rgb(175,175,154) !important;}&#8221;][vc_column][vc_row_inner row_content_width=&#8221;grid&#8221; el_class=&#8221;h3-small&#8221; el_id=&#8221;strong-points&#8221;][vc_column_inner width=&#8221;1\/3&#8243;][vc_empty_space height=&#8221;40px&#8221;][vc_single_image image=&#8221;13435&#8243; img_size=&#8221;full&#8221; alignment=&#8221;center&#8221;][vc_column_text]<\/p>\n<h3 style=\"text-align: center;\">Vino Naturale<\/h3>\n<p style=\"text-align: center;\"><span lang=\"EN\">Non usiamo lieviti o aggiungiamo solfiti in cantina. Il processo di fermentazione avviene naturalmente, al fine di lasciare inalterato l&#8217;aroma e il corpo del vino. Prima di essere imbottigliato il vino \u00e8 stabilizzato a freddo e non filtrato.<\/span><\/p>\n<p>[\/vc_column_text][\/vc_column_inner][vc_column_inner width=&#8221;1\/3&#8243;][vc_empty_space height=&#8221;40px&#8221;][vc_single_image image=&#8221;13436&#8243; img_size=&#8221;full&#8221; alignment=&#8221;center&#8221;][vc_column_text]<\/p>\n<h3 style=\"text-align: center;\">Uve biologiche<\/h3>\n<p style=\"text-align: center;\">Le nostre uve sono certificate biologiche e vengono coltivate secondo metodi totalmente sostenibili senza ricorrere a pesticidi o fertilizzanti chimici: il risultato \u00e8 un vino autentico, essenza del suo territorio.<\/p>\n<p>[\/vc_column_text][\/vc_column_inner][vc_column_inner width=&#8221;1\/3&#8243;][vc_empty_space height=&#8221;40px&#8221;][vc_single_image image=&#8221;13434&#8243; img_size=&#8221;full&#8221; alignment=&#8221;center&#8221;][vc_column_text]<\/p>\n<h3 style=\"text-align: center;\">Lavoro Manuale<\/h3>\n<p style=\"text-align: center;\"><span lang=\"EN\">Il lavoro in vigna e in cantina \u00e8 fatto a mano da poche persone fidate. Le etichette vengono applicate manualmente e stampate su carta riciclata, cos\u00ec come la cera lacca. I tappi utilizzati sono realizzati in sughero monopezzo e meticolosamente realizzati in Italia.<\/span><\/p>\n<p>[\/vc_column_text][\/vc_column_inner][\/vc_row_inner][vc_empty_space height=&#8221;70px&#8221;][\/vc_column][\/vc_row][vc_row][vc_column css=&#8221;.vc_custom_1561986558937{margin-top: -32px !important;}&#8221; offset=&#8221;vc_hidden-sm vc_hidden-xs&#8221;][vc_empty_space height=&#8221;5px&#8221;]\n<div class=\"eltdf-image-gallery\">\n\t<div class=\"eltdf-ig-grid  eltdf-ig-columns-4 eltdf-ig-tiny-space\">\n        \t\t\t\t\t<div class=\"eltdf-ig-image\">\n\t\t\t\t\t\t\t\t\t<a class=\"eltdf-ig-lightbox\" href=\"https:\/\/terradirovo.com\/wp-content\/uploads\/2019\/09\/Terra_di_Rovo-10.jpg\" data-rel=\"prettyPhoto[single_pretty_photo-425]\" title=\"Terra_di_Rovo (10)\">\n\t\t\t\t\t\t\t\t\t\t\t\t\t\t\t<img src=\"https:\/\/terradirovo.com\/wp-content\/uploads\/2019\/09\/Terra_di_Rovo-10-600x600.jpg\" alt=\"\" width=\"600\" height=\"600\" \/>\t\t\t\t\t\t            \t\t\t\t\t<\/a>\n\t\t\t\t\t\t\t<\/div>\n\t\t\t\t\t<div class=\"eltdf-ig-image\">\n\t\t\t\t\t\t\t\t\t<a class=\"eltdf-ig-lightbox\" href=\"https:\/\/terradirovo.com\/wp-content\/uploads\/2019\/09\/DSC3091.jpg\" data-rel=\"prettyPhoto[single_pretty_photo-425]\" title=\"_DSC3091\">\n\t\t\t\t\t\t\t\t\t\t\t\t\t\t\t<img src=\"https:\/\/terradirovo.com\/wp-content\/uploads\/2019\/09\/DSC3091-600x600.jpg\" alt=\"\" width=\"600\" height=\"600\" \/>\t\t\t\t\t\t            \t\t\t\t\t<\/a>\n\t\t\t\t\t\t\t<\/div>\n\t\t\t\t\t<div class=\"eltdf-ig-image\">\n\t\t\t\t\t\t\t\t\t<a class=\"eltdf-ig-lightbox\" href=\"https:\/\/terradirovo.com\/wp-content\/uploads\/2019\/09\/Terra_di_Rovo-7.jpg\" data-rel=\"prettyPhoto[single_pretty_photo-425]\" title=\"Terra_di_Rovo (7)\">\n\t\t\t\t\t\t\t\t\t\t\t\t\t\t\t<img src=\"https:\/\/terradirovo.com\/wp-content\/uploads\/2019\/09\/Terra_di_Rovo-7-600x600.jpg\" alt=\"\" width=\"600\" height=\"600\" \/>\t\t\t\t\t\t            \t\t\t\t\t<\/a>\n\t\t\t\t\t\t\t<\/div>\n\t\t\t\t\t<div class=\"eltdf-ig-image\">\n\t\t\t\t\t\t\t\t\t<a class=\"eltdf-ig-lightbox\" href=\"https:\/\/terradirovo.com\/wp-content\/uploads\/2019\/09\/Terra_di_Rovo-6.jpg\" data-rel=\"prettyPhoto[single_pretty_photo-425]\" title=\"Terra_di_Rovo (6)\">\n\t\t\t\t\t\t\t\t\t\t\t\t\t\t\t<img src=\"https:\/\/terradirovo.com\/wp-content\/uploads\/2019\/09\/Terra_di_Rovo-6-600x600.jpg\" alt=\"\" width=\"600\" height=\"600\" \/>\t\t\t\t\t\t            \t\t\t\t\t<\/a>\n\t\t\t\t\t\t\t<\/div>\n\t\t\t\t\t<div class=\"eltdf-ig-image\">\n\t\t\t\t\t\t\t\t\t<a class=\"eltdf-ig-lightbox\" href=\"https:\/\/terradirovo.com\/wp-content\/uploads\/2019\/09\/DSC3079.jpg\" data-rel=\"prettyPhoto[single_pretty_photo-425]\" title=\"_DSC3079\">\n\t\t\t\t\t\t\t\t\t\t\t\t\t\t\t<img src=\"https:\/\/terradirovo.com\/wp-content\/uploads\/2019\/09\/DSC3079-600x600.jpg\" alt=\"\" width=\"600\" height=\"600\" \/>\t\t\t\t\t\t            \t\t\t\t\t<\/a>\n\t\t\t\t\t\t\t<\/div>\n\t\t\t\t\t<div class=\"eltdf-ig-image\">\n\t\t\t\t\t\t\t\t\t<a class=\"eltdf-ig-lightbox\" href=\"https:\/\/terradirovo.com\/wp-content\/uploads\/2019\/09\/Terra_di_Rovo-13.jpg\" data-rel=\"prettyPhoto[single_pretty_photo-425]\" title=\"Terra_di_Rovo (13)\">\n\t\t\t\t\t\t\t\t\t\t\t\t\t\t\t<img src=\"https:\/\/terradirovo.com\/wp-content\/uploads\/2019\/09\/Terra_di_Rovo-13-600x600.jpg\" alt=\"\" width=\"600\" height=\"600\" \/>\t\t\t\t\t\t            \t\t\t\t\t<\/a>\n\t\t\t\t\t\t\t<\/div>\n\t\t\t\t\t<div class=\"eltdf-ig-image\">\n\t\t\t\t\t\t\t\t\t<a class=\"eltdf-ig-lightbox\" href=\"https:\/\/terradirovo.com\/wp-content\/uploads\/2019\/09\/Montaggio.00_01_50_23.Immagine007.jpg\" data-rel=\"prettyPhoto[single_pretty_photo-425]\" title=\"Montaggio.00_01_50_23.Immagine007\">\n\t\t\t\t\t\t\t\t\t\t\t\t\t\t\t<img src=\"https:\/\/terradirovo.com\/wp-content\/uploads\/2019\/09\/Montaggio.00_01_50_23.Immagine007-600x600.jpg\" alt=\"\" width=\"600\" height=\"600\" \/>\t\t\t\t\t\t            \t\t\t\t\t<\/a>\n\t\t\t\t\t\t\t<\/div>\n\t\t\t\t\t<div class=\"eltdf-ig-image\">\n\t\t\t\t\t\t\t\t\t<a class=\"eltdf-ig-lightbox\" href=\"https:\/\/terradirovo.com\/wp-content\/uploads\/2019\/09\/DSC3923.jpg\" data-rel=\"prettyPhoto[single_pretty_photo-425]\" title=\"_DSC3923\">\n\t\t\t\t\t\t\t\t\t\t\t\t\t\t\t<img src=\"https:\/\/terradirovo.com\/wp-content\/uploads\/2019\/09\/DSC3923-600x600.jpg\" alt=\"\" width=\"600\" height=\"600\" \/>\t\t\t\t\t\t            \t\t\t\t\t<\/a>\n\t\t\t\t\t\t\t<\/div>\n\t\t\t<\/div>\n<\/div>[\/vc_column][\/vc_row][vc_row][vc_column css=&#8221;.vc_custom_1561986605769{margin-top: -32px !important;}&#8221; offset=&#8221;vc_hidden-lg vc_hidden-md&#8221;]<div class=\"eltdf-image-gallery\">\n\t<div class=\"eltdf-ig-slider \" data-number-of-visible-items=\"1\" data-autoplay=\"10\" data-animation=\"slide\" data-navigation=\"yes\" data-pagination=\"no\">\n\t\t\t\t\t\t\t\t\t\t\t<img src=\"https:\/\/terradirovo.com\/wp-content\/uploads\/2019\/09\/Terra_di_Rovo-10-1000x1000.jpg\" alt=\"\" width=\"1000\" height=\"1000\" \/>\t\t\t\t\t\t\t\t\t\t\t\t\t\t\t\t<img src=\"https:\/\/terradirovo.com\/wp-content\/uploads\/2019\/09\/DSC3091-1000x1000.jpg\" alt=\"\" width=\"1000\" height=\"1000\" \/>\t\t\t\t\t\t\t\t\t\t\t\t\t\t\t\t<img src=\"https:\/\/terradirovo.com\/wp-content\/uploads\/2019\/09\/Terra_di_Rovo-7-1000x1000.jpg\" alt=\"\" width=\"1000\" height=\"1000\" \/>\t\t\t\t\t\t\t\t\t\t\t\t\t\t\t\t<img src=\"https:\/\/terradirovo.com\/wp-content\/uploads\/2019\/09\/Terra_di_Rovo-6-1000x1000.jpg\" alt=\"\" width=\"1000\" height=\"1000\" \/>\t\t\t\t\t\t\t\t\t\t\t\t\t\t\t\t<img src=\"https:\/\/terradirovo.com\/wp-content\/uploads\/2019\/09\/DSC3079-1000x1000.jpg\" alt=\"\" width=\"1000\" height=\"1000\" \/>\t\t\t\t\t\t\t\t\t\t\t\t\t\t\t\t<img src=\"https:\/\/terradirovo.com\/wp-content\/uploads\/2019\/09\/Terra_di_Rovo-13-1000x1000.jpg\" alt=\"\" width=\"1000\" height=\"1000\" \/>\t\t\t\t\t\t\t\t\t\t\t\t\t\t\t\t<img src=\"https:\/\/terradirovo.com\/wp-content\/uploads\/2019\/09\/Montaggio.00_01_50_23.Immagine007-1000x1000.jpg\" alt=\"\" width=\"1000\" height=\"1000\" \/>\t\t\t\t\t\t\t\t\t\t\t\t\t\t\t\t<img src=\"https:\/\/terradirovo.com\/wp-content\/uploads\/2019\/09\/DSC3923-1000x1000.jpg\" alt=\"\" width=\"1000\" height=\"1000\" \/>\t\t\t\t\t\t\t\t<\/div>\n<\/div>[\/vc_column][\/vc_row]<\/p>\n","protected":false},"excerpt":{"rendered":"<p>[vc_row row_content_width=&#8221;grid&#8221;][vc_column][vc_row_inner row_content_width=&#8221;grid&#8221; content_text_aligment=&#8221;center&#8221;][vc_column_inner css=&#8221;.vc_custom_1561454186049{padding-right: 15px !important;padding-left: 15px !important;}&#8221;][vc_column_text] Costituito da due vitigni molto diversi tra loro &#8211; Cabernet Sauvignon, rosso, e Trebbiano Spoletino, bianco, &#8211; il vigneto naturale in Umbria di Terra di Rovo \u00e8 custodito in una vallata di natura intatta a 350 [&hellip;]<\/p>\n","protected":false},"author":1,"featured_media":0,"parent":0,"menu_order":0,"comment_status":"closed","ping_status":"closed","template":"full-width.php","meta":[],"yoast_head":"<!-- This site is optimized with the Yoast SEO plugin v18.3 - https:\/\/yoast.com\/wordpress\/plugins\/seo\/ -->\n<title>Terra Di Rovo | Vigneto Biologico - Cabernet Sauvignon e Trebbiano Spoletino<\/title>\n<meta name=\"description\" content=\"Based in Umbria, our universe is deeply rooted in the ancient rural tradition and its moon phases. Pure and uncontaminated product in respect of nature.\" \/>\n<meta name=\"robots\" content=\"index, follow, max-snippet:-1, max-image-preview:large, max-video-preview:-1\" \/>\n<link rel=\"canonical\" href=\"https:\/\/terradirovo.com\/it\/vigneto\/\" \/>\n<meta property=\"og:locale\" content=\"it_IT\" \/>\n<meta property=\"og:type\" content=\"article\" \/>\n<meta property=\"og:title\" content=\"Terra Di Rovo | Vigneto Biologico - Cabernet Sauvignon e Trebbiano Spoletino\" \/>\n<meta property=\"og:description\" content=\"Based in Umbria, our universe is deeply rooted in the ancient rural tradition and its moon phases. Pure and uncontaminated product in respect of nature.\" \/>\n<meta property=\"og:url\" content=\"https:\/\/terradirovo.com\/it\/vigneto\/\" \/>\n<meta property=\"og:site_name\" content=\"Terra Di Rovo\" \/>\n<meta property=\"article:modified_time\" content=\"2020-05-05T14:21:31+00:00\" \/>\n<meta name=\"twitter:card\" content=\"summary_large_image\" \/>\n<meta name=\"twitter:label1\" content=\"Tempo di lettura stimato\" \/>\n\t<meta name=\"twitter:data1\" content=\"4 minuti\" \/>\n<script type=\"application\/ld+json\" class=\"yoast-schema-graph\">{\"@context\":\"https:\/\/schema.org\",\"@graph\":[{\"@type\":\"Organization\",\"@id\":\"https:\/\/terradirovo.com\/#organization\",\"name\":\"Terra Di Rovo\",\"url\":\"https:\/\/terradirovo.com\/\",\"sameAs\":[],\"logo\":{\"@type\":\"ImageObject\",\"@id\":\"https:\/\/terradirovo.com\/#logo\",\"inLanguage\":\"it-IT\",\"url\":\"https:\/\/terradirovo.com\/wp-content\/uploads\/2019\/06\/Terra-Di-Fuocox260px.png\",\"contentUrl\":\"https:\/\/terradirovo.com\/wp-content\/uploads\/2019\/06\/Terra-Di-Fuocox260px.png\",\"width\":260,\"height\":138,\"caption\":\"Terra Di Rovo\"},\"image\":{\"@id\":\"https:\/\/terradirovo.com\/#logo\"}},{\"@type\":\"WebSite\",\"@id\":\"https:\/\/terradirovo.com\/#website\",\"url\":\"https:\/\/terradirovo.com\/\",\"name\":\"Terra Di Rovo\",\"description\":\"Original Italian Wine &amp; Oil\",\"publisher\":{\"@id\":\"https:\/\/terradirovo.com\/#organization\"},\"potentialAction\":[{\"@type\":\"SearchAction\",\"target\":{\"@type\":\"EntryPoint\",\"urlTemplate\":\"https:\/\/terradirovo.com\/?s={search_term_string}\"},\"query-input\":\"required name=search_term_string\"}],\"inLanguage\":\"it-IT\"},{\"@type\":\"WebPage\",\"@id\":\"https:\/\/terradirovo.com\/it\/vigneto\/#webpage\",\"url\":\"https:\/\/terradirovo.com\/it\/vigneto\/\",\"name\":\"Terra Di Rovo | Vigneto Biologico - Cabernet Sauvignon e Trebbiano Spoletino\",\"isPartOf\":{\"@id\":\"https:\/\/terradirovo.com\/#website\"},\"datePublished\":\"2019-09-17T10:15:43+00:00\",\"dateModified\":\"2020-05-05T14:21:31+00:00\",\"description\":\"Based in Umbria, our universe is deeply rooted in the ancient rural tradition and its moon phases. Pure and uncontaminated product in respect of nature.\",\"breadcrumb\":{\"@id\":\"https:\/\/terradirovo.com\/it\/vigneto\/#breadcrumb\"},\"inLanguage\":\"it-IT\",\"potentialAction\":[{\"@type\":\"ReadAction\",\"target\":[\"https:\/\/terradirovo.com\/it\/vigneto\/\"]}]},{\"@type\":\"BreadcrumbList\",\"@id\":\"https:\/\/terradirovo.com\/it\/vigneto\/#breadcrumb\",\"itemListElement\":[{\"@type\":\"ListItem\",\"position\":1,\"name\":\"Home\",\"item\":\"https:\/\/terradirovo.com\/it\/\"},{\"@type\":\"ListItem\",\"position\":2,\"name\":\"Vigneto\"}]}]}<\/script>\n<!-- \/ Yoast SEO plugin. -->","yoast_head_json":{"title":"Terra Di Rovo | Vigneto Biologico - Cabernet Sauvignon e Trebbiano Spoletino","description":"Based in Umbria, our universe is deeply rooted in the ancient rural tradition and its moon phases. Pure and uncontaminated product in respect of nature.","robots":{"index":"index","follow":"follow","max-snippet":"max-snippet:-1","max-image-preview":"max-image-preview:large","max-video-preview":"max-video-preview:-1"},"canonical":"https:\/\/terradirovo.com\/it\/vigneto\/","og_locale":"it_IT","og_type":"article","og_title":"Terra Di Rovo | Vigneto Biologico - Cabernet Sauvignon e Trebbiano Spoletino","og_description":"Based in Umbria, our universe is deeply rooted in the ancient rural tradition and its moon phases. Pure and uncontaminated product in respect of nature.","og_url":"https:\/\/terradirovo.com\/it\/vigneto\/","og_site_name":"Terra Di Rovo","article_modified_time":"2020-05-05T14:21:31+00:00","twitter_card":"summary_large_image","twitter_misc":{"Tempo di lettura stimato":"4 minuti"},"schema":{"@context":"https:\/\/schema.org","@graph":[{"@type":"Organization","@id":"https:\/\/terradirovo.com\/#organization","name":"Terra Di Rovo","url":"https:\/\/terradirovo.com\/","sameAs":[],"logo":{"@type":"ImageObject","@id":"https:\/\/terradirovo.com\/#logo","inLanguage":"it-IT","url":"https:\/\/terradirovo.com\/wp-content\/uploads\/2019\/06\/Terra-Di-Fuocox260px.png","contentUrl":"https:\/\/terradirovo.com\/wp-content\/uploads\/2019\/06\/Terra-Di-Fuocox260px.png","width":260,"height":138,"caption":"Terra Di Rovo"},"image":{"@id":"https:\/\/terradirovo.com\/#logo"}},{"@type":"WebSite","@id":"https:\/\/terradirovo.com\/#website","url":"https:\/\/terradirovo.com\/","name":"Terra Di Rovo","description":"Original Italian Wine &amp; Oil","publisher":{"@id":"https:\/\/terradirovo.com\/#organization"},"potentialAction":[{"@type":"SearchAction","target":{"@type":"EntryPoint","urlTemplate":"https:\/\/terradirovo.com\/?s={search_term_string}"},"query-input":"required name=search_term_string"}],"inLanguage":"it-IT"},{"@type":"WebPage","@id":"https:\/\/terradirovo.com\/it\/vigneto\/#webpage","url":"https:\/\/terradirovo.com\/it\/vigneto\/","name":"Terra Di Rovo | Vigneto Biologico - Cabernet Sauvignon e Trebbiano Spoletino","isPartOf":{"@id":"https:\/\/terradirovo.com\/#website"},"datePublished":"2019-09-17T10:15:43+00:00","dateModified":"2020-05-05T14:21:31+00:00","description":"Based in Umbria, our universe is deeply rooted in the ancient rural tradition and its moon phases. Pure and uncontaminated product in respect of nature.","breadcrumb":{"@id":"https:\/\/terradirovo.com\/it\/vigneto\/#breadcrumb"},"inLanguage":"it-IT","potentialAction":[{"@type":"ReadAction","target":["https:\/\/terradirovo.com\/it\/vigneto\/"]}]},{"@type":"BreadcrumbList","@id":"https:\/\/terradirovo.com\/it\/vigneto\/#breadcrumb","itemListElement":[{"@type":"ListItem","position":1,"name":"Home","item":"https:\/\/terradirovo.com\/it\/"},{"@type":"ListItem","position":2,"name":"Vigneto"}]}]}},"_links":{"self":[{"href":"https:\/\/terradirovo.com\/it\/wp-json\/wp\/v2\/pages\/13702"}],"collection":[{"href":"https:\/\/terradirovo.com\/it\/wp-json\/wp\/v2\/pages"}],"about":[{"href":"https:\/\/terradirovo.com\/it\/wp-json\/wp\/v2\/types\/page"}],"author":[{"embeddable":true,"href":"https:\/\/terradirovo.com\/it\/wp-json\/wp\/v2\/users\/1"}],"replies":[{"embeddable":true,"href":"https:\/\/terradirovo.com\/it\/wp-json\/wp\/v2\/comments?post=13702"}],"version-history":[{"count":16,"href":"https:\/\/terradirovo.com\/it\/wp-json\/wp\/v2\/pages\/13702\/revisions"}],"predecessor-version":[{"id":20230,"href":"https:\/\/terradirovo.com\/it\/wp-json\/wp\/v2\/pages\/13702\/revisions\/20230"}],"wp:attachment":[{"href":"https:\/\/terradirovo.com\/it\/wp-json\/wp\/v2\/media?parent=13702"}],"curies":[{"name":"wp","href":"https:\/\/api.w.org\/{rel}","templated":true}]}}