{"id":13535,"date":"2019-09-11T12:25:15","date_gmt":"2019-09-11T12:25:15","guid":{"rendered":"https:\/\/terradirovo.com\/home\/"},"modified":"2020-10-20T14:40:41","modified_gmt":"2020-10-20T14:40:41","slug":"home","status":"publish","type":"page","link":"https:\/\/terradirovo.com\/it\/","title":{"rendered":"Home"},"content":{"rendered":"<p>[vc_row row_type=&#8221;parallax&#8221; content_text_aligment=&#8221;center&#8221; css=&#8221;.vc_custom_1562932503737{padding-top: 0px !important;padding-bottom: 0px !important;background-color: #fefefe !important;}&#8221; parallax_background_image=&#8221;11626&#8243; parallax_speed=&#8221;20&#8243;][vc_column css_animation=&#8221;fadeIn&#8221;][vc_row_inner row_content_width=&#8221;grid&#8221; content_text_aligment=&#8221;center&#8221;][vc_column_inner offset=&#8221;vc_col-lg-12 vc_col-md-12 vc_col-xs-12&#8243;][vc_empty_space height=&#8221;40px&#8221;][vc_column_text]<\/p>\n<p style=\"text-align: justify;\">Terra di Rovo nasce dal forte legame che da sempre mi lega alla mia terra \u2013 lo Spoletino \u2013 , uno straordinario paesaggio fatto di natura incontaminata e selvaggia, affascinante per la sua variegata biodiversit\u00e0. Proprio qui sorge il mio piccolo appezzamento, un luogo silenzioso e ammantato di verde che emoziona e allo stesso tempo sorprende, dove mi dedico alla produzione di vino naturale dell\u2019Umbria e olio extra vergine rigorosamente biologico. La natura qui \u00e8 libera di esprimersi rigogliosa e indisturbata: dappertutto crescono cespugli di more, ginestre e fiori selvatici che formano un groviglio verde e misterioso di rami e foglie.<\/p>\n<p style=\"text-align: justify;\">Basandomi esclusivamente sul concetto di minimo intervento sul terreno, coltivo la vigna e l&#8217;uliveto in modo totalmente sostenibile senza ricorrere a pesticidi o fertilizzanti chimici: il risultato \u00e8 un vino naturale autentico e a fermentazione spontanea e un olio d&#8217;eccellenza con certificazione biologica. In vigna, cos\u00ec come nell\u2019uliveto, raccolgo i frutti a mano, per permettere al frutto di preservare il suo sapore e la sua autenticit\u00e0: ci\u00f2 garantisce un vino naturale e un olio esclusivo, al tempo stesso rispettoso di questa terra di natura intatta.<\/p>\n<p style=\"text-align: justify;\">Durante tutto l\u2019anno presto attenzione alle fasi lunari, non solo nel campo ma anche in cantina e nel frantoio, nel rispetto assoluto della natura e degli antichi metodi rurali. Ogni anno il vigneto &#8211; composto da vitigni di Cabernet Sauvignon e Trebbiano Spoletino &#8211; e l\u2019uliveto secolare di Moraiolo e Leccino sono lasciati liberi di esprimersi e regalare ci\u00f2 che di pi\u00f9 meraviglioso riescono a produrre.<\/p>\n<p style=\"text-align: center;\">Perch\u00e9 non c&#8217;\u00e8 niente di pi\u00f9 puro di ci\u00f2 che nasce naturalmente.<\/p>\n<p>[\/vc_column_text][vc_single_image image=&#8221;13438&#8243; img_size=&#8221;full&#8221; alignment=&#8221;center&#8221; css=&#8221;.vc_custom_1567495982855{padding-left: 35px !important;}&#8221;][vc_empty_space height=&#8221;30px&#8221;][\/vc_column_inner][\/vc_row_inner][\/vc_column][\/vc_row][vc_row css=&#8221;.vc_custom_1564994461119{background-color: rgba(175,175,154,0.11) !important;*background-color: rgb(175,175,154) !important;}&#8221;][vc_column][vc_row_inner row_content_width=&#8221;grid&#8221; el_class=&#8221;h3-small&#8221; el_id=&#8221;strong-points&#8221;][vc_column_inner width=&#8221;1\/3&#8243;][vc_empty_space height=&#8221;40px&#8221;][vc_single_image image=&#8221;13435&#8243; img_size=&#8221;full&#8221; alignment=&#8221;center&#8221;][vc_column_text]<\/p>\n<h3 style=\"text-align: center;\">Biodiversit\u00e0<\/h3>\n<p style=\"text-align: center;\">\u00c8 nostro dovere preservare questo patrimonio inestimabile, mantenendo la rete idrica, preservando le siepi di more e gli arbusti selvatici, favorendo la crescita di fiori spontanei e il conseguente ripopolamento delle api.<\/p>\n<p>[\/vc_column_text][\/vc_column_inner][vc_column_inner width=&#8221;1\/3&#8243;][vc_empty_space height=&#8221;40px&#8221;][vc_single_image image=&#8221;14298&#8243; img_size=&#8221;full&#8221; alignment=&#8221;center&#8221;][vc_column_text]<\/p>\n<h3 style=\"text-align: center;\">Minimo Intervento<\/h3>\n<p style=\"text-align: center;\">Tutti i nostri frutti sono raccolti a mano, pressati in poche ore e coltivati in modo sostenibile. Non usiamo pesticidi, fertilizzanti o solfiti aggiunti.<\/p>\n<p>[\/vc_column_text][\/vc_column_inner][vc_column_inner width=&#8221;1\/3&#8243;][vc_empty_space height=&#8221;40px&#8221;][vc_single_image image=&#8221;13434&#8243; img_size=&#8221;full&#8221; alignment=&#8221;center&#8221;][vc_column_text]<\/p>\n<h3 style=\"text-align: center;\">Calendario lunare<\/h3>\n<p style=\"text-align: center;\">Le fasi lunari svolgono un ruolo fondamentale. Potiamo, raccogliamo e imbottigliamo i nostri vini e l&#8217;olio d&#8217;oliva solamente durante le fase di luna calante, quando la linfa si riduce al minimo e si creano meno depositi.<\/p>\n<p>[\/vc_column_text][\/vc_column_inner][\/vc_row_inner][vc_empty_space height=&#8221;70px&#8221;][\/vc_column][\/vc_row][vc_row row_content_width=&#8221;grid&#8221;][vc_column][vc_empty_space height=&#8221;30px&#8221;][vc_row_inner content_text_aligment=&#8221;center&#8221;][vc_column_inner width=&#8221;1\/2&#8243; css=&#8221;.vc_custom_1569580762011{margin-top: 20px !important;}&#8221;][vc_column_text]<a class=\"vp-a\" href=\"https:\/\/vimeo.com\/361798365\"><img class=\"vp-img\" src=\"\/wp-content\/uploads\/2019\/09\/DSC3937-copy.jpg\"><\/a><\/p>\n<p>[\/vc_column_text][\/vc_column_inner][vc_column_inner width=&#8221;1\/2&#8243; css=&#8221;.vc_custom_1569580768086{margin-top: 20px !important;}&#8221;][vc_column_text]<a class=\"vp-a\" href=\"https:\/\/vimeo.com\/363266492\"><img class=\"vp-img\" src=\"\/wp-content\/uploads\/2019\/09\/video-2-copy.jpg\"><\/a>[\/vc_column_text][\/vc_column_inner][\/vc_row_inner][vc_empty_space height=&#8221;60px&#8221;][\/vc_column][\/vc_row]<\/p>\n","protected":false},"excerpt":{"rendered":"<p>[vc_row row_type=&#8221;parallax&#8221; content_text_aligment=&#8221;center&#8221; css=&#8221;.vc_custom_1562932503737{padding-top: 0px !important;padding-bottom: 0px !important;background-color: #fefefe !important;}&#8221; parallax_background_image=&#8221;11626&#8243; parallax_speed=&#8221;20&#8243;][vc_column css_animation=&#8221;fadeIn&#8221;][vc_row_inner row_content_width=&#8221;grid&#8221; content_text_aligment=&#8221;center&#8221;][vc_column_inner offset=&#8221;vc_col-lg-12 vc_col-md-12 vc_col-xs-12&#8243;][vc_empty_space height=&#8221;40px&#8221;][vc_column_text] Terra di Rovo nasce dal forte legame che da sempre mi lega alla mia terra \u2013 lo Spoletino \u2013 , uno straordinario paesaggio fatto di natura [&hellip;]<\/p>\n","protected":false},"author":1,"featured_media":0,"parent":0,"menu_order":0,"comment_status":"closed","ping_status":"closed","template":"full-width.php","meta":[],"yoast_head":"<!-- This site is optimized with the Yoast SEO plugin v18.3 - https:\/\/yoast.com\/wordpress\/plugins\/seo\/ -->\n<title>Terra Di Rovo | Vini Naturali e Olio Extra Vergine Biologico dell&#039;Umbria<\/title>\n<meta name=\"description\" content=\"Vini naturali sostenibili e Olio Extra Vergine biologico da una delle valli pi\u00f9 segrete dell&#039;Umbria, dove la biodiversit\u00e0 detta le regole della Natura.\" \/>\n<meta name=\"robots\" content=\"index, follow, max-snippet:-1, max-image-preview:large, max-video-preview:-1\" \/>\n<link rel=\"canonical\" href=\"https:\/\/terradirovo.com\/it\/\" \/>\n<meta property=\"og:locale\" content=\"it_IT\" \/>\n<meta property=\"og:type\" content=\"article\" \/>\n<meta property=\"og:title\" content=\"Terra Di Rovo | Vini Naturali e Olio Extra Vergine Biologico dell&#039;Umbria\" \/>\n<meta property=\"og:description\" content=\"Vini naturali sostenibili e Olio Extra Vergine biologico da una delle valli pi\u00f9 segrete dell&#039;Umbria, dove la biodiversit\u00e0 detta le regole della Natura.\" \/>\n<meta property=\"og:url\" content=\"https:\/\/terradirovo.com\/it\/\" \/>\n<meta property=\"og:site_name\" content=\"Terra Di Rovo\" \/>\n<meta property=\"article:modified_time\" content=\"2020-10-20T14:40:41+00:00\" \/>\n<meta name=\"twitter:card\" content=\"summary_large_image\" \/>\n<meta name=\"twitter:label1\" content=\"Tempo di lettura stimato\" \/>\n\t<meta name=\"twitter:data1\" content=\"3 minuti\" \/>\n<script type=\"application\/ld+json\" class=\"yoast-schema-graph\">{\"@context\":\"https:\/\/schema.org\",\"@graph\":[{\"@type\":\"Organization\",\"@id\":\"https:\/\/terradirovo.com\/#organization\",\"name\":\"Terra Di Rovo\",\"url\":\"https:\/\/terradirovo.com\/\",\"sameAs\":[],\"logo\":{\"@type\":\"ImageObject\",\"@id\":\"https:\/\/terradirovo.com\/#logo\",\"inLanguage\":\"it-IT\",\"url\":\"https:\/\/terradirovo.com\/wp-content\/uploads\/2019\/06\/Terra-Di-Fuocox260px.png\",\"contentUrl\":\"https:\/\/terradirovo.com\/wp-content\/uploads\/2019\/06\/Terra-Di-Fuocox260px.png\",\"width\":260,\"height\":138,\"caption\":\"Terra Di Rovo\"},\"image\":{\"@id\":\"https:\/\/terradirovo.com\/#logo\"}},{\"@type\":\"WebSite\",\"@id\":\"https:\/\/terradirovo.com\/#website\",\"url\":\"https:\/\/terradirovo.com\/\",\"name\":\"Terra Di Rovo\",\"description\":\"Original Italian Wine &amp; Oil\",\"publisher\":{\"@id\":\"https:\/\/terradirovo.com\/#organization\"},\"potentialAction\":[{\"@type\":\"SearchAction\",\"target\":{\"@type\":\"EntryPoint\",\"urlTemplate\":\"https:\/\/terradirovo.com\/?s={search_term_string}\"},\"query-input\":\"required name=search_term_string\"}],\"inLanguage\":\"it-IT\"},{\"@type\":\"WebPage\",\"@id\":\"https:\/\/terradirovo.com\/it\/#webpage\",\"url\":\"https:\/\/terradirovo.com\/it\/\",\"name\":\"Terra Di Rovo | Vini Naturali e Olio Extra Vergine Biologico dell'Umbria\",\"isPartOf\":{\"@id\":\"https:\/\/terradirovo.com\/#website\"},\"datePublished\":\"2019-09-11T12:25:15+00:00\",\"dateModified\":\"2020-10-20T14:40:41+00:00\",\"description\":\"Vini naturali sostenibili e Olio Extra Vergine biologico da una delle valli pi\u00f9 segrete dell'Umbria, dove la biodiversit\u00e0 detta le regole della Natura.\",\"breadcrumb\":{\"@id\":\"https:\/\/terradirovo.com\/it\/#breadcrumb\"},\"inLanguage\":\"it-IT\",\"potentialAction\":[{\"@type\":\"ReadAction\",\"target\":[\"https:\/\/terradirovo.com\/it\/\"]}]},{\"@type\":\"BreadcrumbList\",\"@id\":\"https:\/\/terradirovo.com\/it\/#breadcrumb\",\"itemListElement\":[{\"@type\":\"ListItem\",\"position\":1,\"name\":\"Home\",\"item\":\"https:\/\/terradirovo.com\/it\/\"},{\"@type\":\"ListItem\",\"position\":2,\"name\":\"Home\"}]}]}<\/script>\n<!-- \/ Yoast SEO plugin. -->","yoast_head_json":{"title":"Terra Di Rovo | Vini Naturali e Olio Extra Vergine Biologico dell'Umbria","description":"Vini naturali sostenibili e Olio Extra Vergine biologico da una delle valli pi\u00f9 segrete dell'Umbria, dove la biodiversit\u00e0 detta le regole della Natura.","robots":{"index":"index","follow":"follow","max-snippet":"max-snippet:-1","max-image-preview":"max-image-preview:large","max-video-preview":"max-video-preview:-1"},"canonical":"https:\/\/terradirovo.com\/it\/","og_locale":"it_IT","og_type":"article","og_title":"Terra Di Rovo | Vini Naturali e Olio Extra Vergine Biologico dell'Umbria","og_description":"Vini naturali sostenibili e Olio Extra Vergine biologico da una delle valli pi\u00f9 segrete dell'Umbria, dove la biodiversit\u00e0 detta le regole della Natura.","og_url":"https:\/\/terradirovo.com\/it\/","og_site_name":"Terra Di Rovo","article_modified_time":"2020-10-20T14:40:41+00:00","twitter_card":"summary_large_image","twitter_misc":{"Tempo di lettura stimato":"3 minuti"},"schema":{"@context":"https:\/\/schema.org","@graph":[{"@type":"Organization","@id":"https:\/\/terradirovo.com\/#organization","name":"Terra Di Rovo","url":"https:\/\/terradirovo.com\/","sameAs":[],"logo":{"@type":"ImageObject","@id":"https:\/\/terradirovo.com\/#logo","inLanguage":"it-IT","url":"https:\/\/terradirovo.com\/wp-content\/uploads\/2019\/06\/Terra-Di-Fuocox260px.png","contentUrl":"https:\/\/terradirovo.com\/wp-content\/uploads\/2019\/06\/Terra-Di-Fuocox260px.png","width":260,"height":138,"caption":"Terra Di Rovo"},"image":{"@id":"https:\/\/terradirovo.com\/#logo"}},{"@type":"WebSite","@id":"https:\/\/terradirovo.com\/#website","url":"https:\/\/terradirovo.com\/","name":"Terra Di Rovo","description":"Original Italian Wine &amp; Oil","publisher":{"@id":"https:\/\/terradirovo.com\/#organization"},"potentialAction":[{"@type":"SearchAction","target":{"@type":"EntryPoint","urlTemplate":"https:\/\/terradirovo.com\/?s={search_term_string}"},"query-input":"required name=search_term_string"}],"inLanguage":"it-IT"},{"@type":"WebPage","@id":"https:\/\/terradirovo.com\/it\/#webpage","url":"https:\/\/terradirovo.com\/it\/","name":"Terra Di Rovo | Vini Naturali e Olio Extra Vergine Biologico dell'Umbria","isPartOf":{"@id":"https:\/\/terradirovo.com\/#website"},"datePublished":"2019-09-11T12:25:15+00:00","dateModified":"2020-10-20T14:40:41+00:00","description":"Vini naturali sostenibili e Olio Extra Vergine biologico da una delle valli pi\u00f9 segrete dell'Umbria, dove la biodiversit\u00e0 detta le regole della Natura.","breadcrumb":{"@id":"https:\/\/terradirovo.com\/it\/#breadcrumb"},"inLanguage":"it-IT","potentialAction":[{"@type":"ReadAction","target":["https:\/\/terradirovo.com\/it\/"]}]},{"@type":"BreadcrumbList","@id":"https:\/\/terradirovo.com\/it\/#breadcrumb","itemListElement":[{"@type":"ListItem","position":1,"name":"Home","item":"https:\/\/terradirovo.com\/it\/"},{"@type":"ListItem","position":2,"name":"Home"}]}]}},"_links":{"self":[{"href":"https:\/\/terradirovo.com\/it\/wp-json\/wp\/v2\/pages\/13535"}],"collection":[{"href":"https:\/\/terradirovo.com\/it\/wp-json\/wp\/v2\/pages"}],"about":[{"href":"https:\/\/terradirovo.com\/it\/wp-json\/wp\/v2\/types\/page"}],"author":[{"embeddable":true,"href":"https:\/\/terradirovo.com\/it\/wp-json\/wp\/v2\/users\/1"}],"replies":[{"embeddable":true,"href":"https:\/\/terradirovo.com\/it\/wp-json\/wp\/v2\/comments?post=13535"}],"version-history":[{"count":45,"href":"https:\/\/terradirovo.com\/it\/wp-json\/wp\/v2\/pages\/13535\/revisions"}],"predecessor-version":[{"id":20299,"href":"https:\/\/terradirovo.com\/it\/wp-json\/wp\/v2\/pages\/13535\/revisions\/20299"}],"wp:attachment":[{"href":"https:\/\/terradirovo.com\/it\/wp-json\/wp\/v2\/media?parent=13535"}],"curies":[{"name":"wp","href":"https:\/\/api.w.org\/{rel}","templated":true}]}}